{"id":3463,"date":"2025-02-25T15:26:22","date_gmt":"2025-02-25T15:26:22","guid":{"rendered":"https:\/\/beveragetrends.es\/?page_id=3463"},"modified":"2025-04-01T14:02:07","modified_gmt":"2025-04-01T14:02:07","slug":"valores","status":"publish","type":"page","link":"https:\/\/beveragetrends.es\/es\/valores\/","title":{"rendered":"Valores"},"content":{"rendered":"\t\t<div data-elementor-type=\"wp-page\" data-elementor-id=\"3463\" class=\"elementor elementor-3463 elementor-2597\" data-elementor-post-type=\"page\">\n\t\t\t\t<div class=\"elementor-element elementor-element-13ff32f e-con-full e-flex e-con e-parent\" data-id=\"13ff32f\" data-element_type=\"container\">\n\t\t<div class=\"elementor-element elementor-element-aef6e5e e-flex e-con-boxed e-con e-child\" data-id=\"aef6e5e\" data-element_type=\"container\">\n\t\t\t\t\t<div class=\"e-con-inner\">\n\t\t<div class=\"elementor-element elementor-element-b5ea261 e-con-full e-flex e-con e-child\" data-id=\"b5ea261\" data-element_type=\"container\" data-settings=\"{&quot;background_background&quot;:&quot;classic&quot;}\">\n\t\t\t\t<div class=\"elementor-element elementor-element-85e78f3 elementor-widget elementor-widget-reston_image_widget\" data-id=\"85e78f3\" data-element_type=\"widget\" data-widget_type=\"reston_image_widget.default\">\n\t\t\t\t<div class=\"elementor-widget-container\">\n\t\t\t\t\t    \n        \t<figure class=\"image-box image-hov-one\">\n\t\t\t<img fetchpriority=\"high\" decoding=\"async\" width=\"1600\" height=\"2400\" src=\"https:\/\/beveragetrends.es\/wp-content\/uploads\/2025\/02\/iStock-2152367200-1.jpg\" class=\"attachment-full size-full wp-image-2801\" alt=\"\" srcset=\"https:\/\/beveragetrends.es\/wp-content\/uploads\/2025\/02\/iStock-2152367200-1.jpg 1600w, https:\/\/beveragetrends.es\/wp-content\/uploads\/2025\/02\/iStock-2152367200-1-200x300.jpg 200w, https:\/\/beveragetrends.es\/wp-content\/uploads\/2025\/02\/iStock-2152367200-1-683x1024.jpg 683w, https:\/\/beveragetrends.es\/wp-content\/uploads\/2025\/02\/iStock-2152367200-1-768x1152.jpg 768w, https:\/\/beveragetrends.es\/wp-content\/uploads\/2025\/02\/iStock-2152367200-1-1024x1536.jpg 1024w, https:\/\/beveragetrends.es\/wp-content\/uploads\/2025\/02\/iStock-2152367200-1-1365x2048.jpg 1365w, https:\/\/beveragetrends.es\/wp-content\/uploads\/2025\/02\/iStock-2152367200-1-600x900.jpg 600w\" sizes=\"(max-width: 1600px) 100vw, 1600px\" \/>\t\t<\/figure>\n    \t\t\t\t<\/div>\n\t\t\t\t<\/div>\n\t\t\t\t<\/div>\n\t\t<div class=\"elementor-element elementor-element-52dbacc e-con-full e-flex e-con e-child\" data-id=\"52dbacc\" data-element_type=\"container\">\n\t\t<div class=\"elementor-element elementor-element-63b0a3a e-con-full e-flex e-con e-child\" data-id=\"63b0a3a\" data-element_type=\"container\">\n\t\t\t\t<div class=\"elementor-element elementor-element-b7b8cdb elementor-widget elementor-widget-reston_hero_title\" data-id=\"b7b8cdb\" data-element_type=\"widget\" data-widget_type=\"reston_hero_title.default\">\n\t\t\t\t<div class=\"elementor-widget-container\">\n\t\t\t\t\t\r\n\t    \r\n    <div class=\"sec-title light te-box-title\">\r\n\t\t\r\n\t\t\t\t\t<span class=\"sub-title te-bn-subtitle \">EL VALOR DE NUESTROS PRODUCTOS<\/span>\t\t\t\t\t\t\t<h2 class=\"te-title reston-size-default\">Redefinir las categor\u00edas de la bebida, para crear valor y dirigir el inter\u00e9s de los consumidores<\/h2>\t\t\t\t\t\t\t<div class=\"normal__text\">\r\n\t\t\t\t<p>Nos centramos en las caracter\u00edsticas predominantes, los \u201cselling points\" que hacen que nuestros productos puedan despertar un nuevo inter\u00e9s entre los consumidores y satisfacer sus preferencias, expectativas y prioridades a un nivel superior y al d\u00eda.<\/p>\r\n\t\t\t<\/div>\r\n\t\t\t<\/div>\r\n\r\n\t    \r\n    \t\t\t\t<\/div>\n\t\t\t\t<\/div>\n\t\t\t\t<\/div>\n\t\t\t\t<\/div>\n\t\t\t\t\t<\/div>\n\t\t\t\t<\/div>\n\t\t\t\t<\/div>\n\t\t<div class=\"elementor-element elementor-element-5cb1766 e-con-full e-flex e-con e-parent\" data-id=\"5cb1766\" data-element_type=\"container\">\n\t\t<div class=\"elementor-element elementor-element-20f58af e-flex e-con-boxed e-con e-child\" data-id=\"20f58af\" data-element_type=\"container\">\n\t\t\t\t\t<div class=\"e-con-inner\">\n\t\t<div class=\"elementor-element elementor-element-7e641c0 e-con-full e-flex e-con e-child\" data-id=\"7e641c0\" data-element_type=\"container\" data-settings=\"{&quot;background_background&quot;:&quot;classic&quot;}\">\n\t\t<div class=\"elementor-element elementor-element-736947c e-con-full e-flex e-con e-child\" data-id=\"736947c\" data-element_type=\"container\">\n\t\t\t\t<div class=\"elementor-element elementor-element-46d5868 elementor-widget elementor-widget-reston_hero_title\" data-id=\"46d5868\" data-element_type=\"widget\" data-widget_type=\"reston_hero_title.default\">\n\t\t\t\t<div class=\"elementor-widget-container\">\n\t\t\t\t\t\r\n\t    \r\n    <div class=\"sec-title light te-box-title\">\r\n\t\t\r\n\t\t\t\t\t\t\t<h2 class=\"te-title reston-size-default\">Maximizar el potencial de ventas<\/h2>\t\t\t\t\t\t\t<div class=\"normal__text\">\r\n\t\t\t\t<p>Todos conocemos las subdivisiones tradicionales de las bebidas en categor\u00edas convencionales, (ya sea agua, whisky, gin\u2026), pero m\u00e1s all\u00e1 de ellas, consideramos m\u00e1s relevante el valor actual de los productos que seleccionamos.\n<br><br>\nPor estas razones, cuando hablamos de bebidas, preferimos identificar y centrarnos en categor\u00edas como: bebidas funcionales, \"mood enhancing\", sin alcohol, de agricultura regenerativa, org\u00e1nica, \"small batch\", expresi\u00f3n de identidades culturales y tradiciones locales, \u201cpremium\u201d, \"top selling\", no convencionales, innovadoras... convencidos de que reconsiderar y revisar los l\u00edmites de nuestro sector, nos permitir\u00e1 introducir nueva frescura y vitalidad, para hacerlo prosperar durante m\u00e1s tiempo.<\/p>\r\n\t\t\t<\/div>\r\n\t\t\t<\/div>\r\n\r\n\t    \r\n    \t\t\t\t<\/div>\n\t\t\t\t<\/div>\n\t\t\t\t<\/div>\n\t\t\t\t<\/div>\n\t\t<div class=\"elementor-element elementor-element-e82dcbd e-con-full e-flex e-con e-child\" data-id=\"e82dcbd\" data-element_type=\"container\">\n\t\t\t\t<div class=\"elementor-element elementor-element-7f085e4 elementor-widget elementor-widget-reston_image_widget\" data-id=\"7f085e4\" data-element_type=\"widget\" data-widget_type=\"reston_image_widget.default\">\n\t\t\t\t<div class=\"elementor-widget-container\">\n\t\t\t\t\t    \n        \t<figure class=\"image-box image-hov-one\">\n\t\t\t<img decoding=\"async\" width=\"1600\" height=\"1067\" src=\"https:\/\/beveragetrends.es\/wp-content\/uploads\/2025\/03\/iStock-505962576-1.jpg\" class=\"attachment-full size-full wp-image-2816\" alt=\"\" srcset=\"https:\/\/beveragetrends.es\/wp-content\/uploads\/2025\/03\/iStock-505962576-1.jpg 1600w, https:\/\/beveragetrends.es\/wp-content\/uploads\/2025\/03\/iStock-505962576-1-300x200.jpg 300w, https:\/\/beveragetrends.es\/wp-content\/uploads\/2025\/03\/iStock-505962576-1-1024x683.jpg 1024w, https:\/\/beveragetrends.es\/wp-content\/uploads\/2025\/03\/iStock-505962576-1-768x512.jpg 768w, https:\/\/beveragetrends.es\/wp-content\/uploads\/2025\/03\/iStock-505962576-1-1536x1024.jpg 1536w, https:\/\/beveragetrends.es\/wp-content\/uploads\/2025\/03\/iStock-505962576-1-575x382.jpg 575w, https:\/\/beveragetrends.es\/wp-content\/uploads\/2025\/03\/iStock-505962576-1-600x400.jpg 600w\" sizes=\"(max-width: 1600px) 100vw, 1600px\" \/>\t\t<\/figure>\n    \t\t\t\t<\/div>\n\t\t\t\t<\/div>\n\t\t\t\t<\/div>\n\t\t\t\t\t<\/div>\n\t\t\t\t<\/div>\n\t\t<div class=\"elementor-element elementor-element-c3caa8c e-con-full elementor-hidden-desktop elementor-hidden-tablet elementor-hidden-mobile e-flex e-con e-child\" data-id=\"c3caa8c\" data-element_type=\"container\" data-settings=\"{&quot;background_background&quot;:&quot;classic&quot;}\">\n\t\t<div class=\"elementor-element elementor-element-a95c925 e-flex e-con-boxed e-con e-child\" data-id=\"a95c925\" data-element_type=\"container\">\n\t\t\t\t\t<div class=\"e-con-inner\">\n\t\t\t\t<div class=\"elementor-element elementor-element-373f7eb elementor-widget elementor-widget-reston_hero_title\" data-id=\"373f7eb\" data-element_type=\"widget\" data-widget_type=\"reston_hero_title.default\">\n\t\t\t\t<div class=\"elementor-widget-container\">\n\t\t\t\t\t\r\n\t\t<div class=\"te-box-title\">\r\n\t\t\t\t\t<h2 class=\"te-title reston-size-default\">What they\u2019re talking about food ?<\/h2>\t\t\t<\/div>\r\n\t    \r\n    \t\t\t\t<\/div>\n\t\t\t\t<\/div>\n\t\t\t\t\t<\/div>\n\t\t\t\t<\/div>\n\t\t<div class=\"elementor-element elementor-element-9720741 e-flex e-con-boxed e-con e-child\" data-id=\"9720741\" data-element_type=\"container\">\n\t\t\t\t\t<div class=\"e-con-inner\">\n\t\t\t\t<div class=\"elementor-element elementor-element-9013926 elementor-widget elementor-widget-reston_testimonials_carousel\" data-id=\"9013926\" data-element_type=\"widget\" data-widget_type=\"reston_testimonials_carousel.default\">\n\t\t\t\t<div class=\"elementor-widget-container\">\n\t\t\t\t\t     \n\t\n\t\n\t\t<!-- testimonial-style-two -->\n        <section class=\"testimonial-style-two centred\">\n                <div class=\"two-item-carousel owl-carousel owl-theme owl-dots-none owl-nav-none\">\n\t\t\t\t\t                    <div class=\"testimonial-block-one\">\n                        <div class=\"inner-box\">\n                            <p class=\"has-ele-text\">We have successfully reached the right customers. Their approach and strategic support have been key. Highly recommended!<\/p>\n\t\t\t\t\t\t\t<figure class=\"thumb-box\">\n\t\t\t\t\t\t\t<img decoding=\"async\" width=\"94\" height=\"94\" src=\"https:\/\/beveragetrends.es\/wp-content\/uploads\/2024\/10\/e355b553-cf06-4e78-9518-659d496f9a6c-94x94.jpg\" class=\"attachment-reston_94x94 size-reston_94x94 wp-post-image\" alt=\"\" srcset=\"https:\/\/beveragetrends.es\/wp-content\/uploads\/2024\/10\/e355b553-cf06-4e78-9518-659d496f9a6c-94x94.jpg 94w, https:\/\/beveragetrends.es\/wp-content\/uploads\/2024\/10\/e355b553-cf06-4e78-9518-659d496f9a6c-150x150.jpg 150w, https:\/\/beveragetrends.es\/wp-content\/uploads\/2024\/10\/e355b553-cf06-4e78-9518-659d496f9a6c-300x300.jpg 300w, https:\/\/beveragetrends.es\/wp-content\/uploads\/2024\/10\/e355b553-cf06-4e78-9518-659d496f9a6c-100x100.jpg 100w\" sizes=\"(max-width: 94px) 100vw, 94px\" \/>\t\t\n\t\t\t\t\t\t\t<\/figure>\n                            <span class=\"has-ele__subtitle\">Adam Sleeuwen<\/span>\n                        <\/div>\n                    <\/div>\n\t\t\t\t\t                    <div class=\"testimonial-block-one\">\n                        <div class=\"inner-box\">\n                            <p class=\"has-ele-text\">We are very happy with this partnership. A perfect 10!<\/p>\n\t\t\t\t\t\t\t<figure class=\"thumb-box\">\n\t\t\t\t\t\t\t<img loading=\"lazy\" decoding=\"async\" width=\"94\" height=\"94\" src=\"https:\/\/beveragetrends.es\/wp-content\/uploads\/2024\/10\/portfolio-16-94x94.jpg\" class=\"attachment-reston_94x94 size-reston_94x94 wp-post-image\" alt=\"\" srcset=\"https:\/\/beveragetrends.es\/wp-content\/uploads\/2024\/10\/portfolio-16-94x94.jpg 94w, https:\/\/beveragetrends.es\/wp-content\/uploads\/2024\/10\/portfolio-16-300x300.jpg 300w, https:\/\/beveragetrends.es\/wp-content\/uploads\/2024\/10\/portfolio-16-100x100.jpg 100w, https:\/\/beveragetrends.es\/wp-content\/uploads\/2024\/10\/portfolio-16-150x150.jpg 150w\" sizes=\"(max-width: 94px) 100vw, 94px\" \/>\t\t\n\t\t\t\t\t\t\t<\/figure>\n                            <span class=\"has-ele__subtitle\">Miquel Llodr\u00e0<\/span>\n                        <\/div>\n                    <\/div>\n\t\t\t\t\t                    <div class=\"testimonial-block-one\">\n                        <div class=\"inner-box\">\n                            <p class=\"has-ele-text\">They understand the market and know how to position brands like ours. Professional, a great commercial partner.<\/p>\n\t\t\t\t\t\t\t<figure class=\"thumb-box\">\n\t\t\t\t\t\t\t<img loading=\"lazy\" decoding=\"async\" width=\"94\" height=\"94\" src=\"https:\/\/beveragetrends.es\/wp-content\/uploads\/2024\/10\/testimonial-2.png\" class=\"attachment-reston_94x94 size-reston_94x94 wp-post-image\" alt=\"\" \/>\t\t\n\t\t\t\t\t\t\t<\/figure>\n                            <span class=\"has-ele__subtitle\">Giulia Zagolin<\/span>\n                        <\/div>\n                    <\/div>\n\t\t\t\t\t                <\/div>\n        <\/section>\n        <!-- testimonial-style-two end -->\n\t\n\t    \n    \t\t\t\t<\/div>\n\t\t\t\t<\/div>\n\t\t\t\t\t<\/div>\n\t\t\t\t<\/div>\n\t\t\t\t<\/div>\n\t\t\t\t<\/div>\n\t\t<div class=\"elementor-element elementor-element-6b24d25 e-con-full e-flex e-con e-parent\" data-id=\"6b24d25\" data-element_type=\"container\">\n\t\t<div class=\"elementor-element elementor-element-dc5c87e e-con-full e-flex e-con e-child\" data-id=\"dc5c87e\" data-element_type=\"container\" data-settings=\"{&quot;background_background&quot;:&quot;classic&quot;}\">\n\t\t<div class=\"elementor-element elementor-element-1833195 e-flex e-con-boxed e-con e-child\" data-id=\"1833195\" data-element_type=\"container\">\n\t\t\t\t\t<div class=\"e-con-inner\">\n\t\t\t\t<div class=\"elementor-element elementor-element-6262d54 elementor-widget elementor-widget-reston_hero_title\" data-id=\"6262d54\" data-element_type=\"widget\" data-widget_type=\"reston_hero_title.default\">\n\t\t\t\t<div class=\"elementor-widget-container\">\n\t\t\t\t\t\r\n\t    \r\n    <div class=\"sec-title light te-box-title\">\r\n\t\t\r\n\t\t\t\t\t\t\t<h2 class=\"te-title reston-size-default\">Conectamos las marcas con su p\u00fablico ideal<\/h2>\t\t\t\t\t\t\t<div class=\"normal__text\">\r\n\t\t\t\t<p>Ayudamos a las marcas a encontrar su camino en el mercado, identificando tendencias, creando oportunidades e impulsando el crecimiento, a trav\u00e9s del posicionamiento estrat\u00e9gico.<\/p>\r\n\t\t\t<\/div>\r\n\t\t\t<\/div>\r\n\r\n\t    \r\n    \t\t\t\t<\/div>\n\t\t\t\t<\/div>\n\t\t\t\t\t<\/div>\n\t\t\t\t<\/div>\n\t\t\t\t<\/div>\n\t\t\t\t<\/div>\n\t\t\t\t<\/div>\n\t\t","protected":false},"excerpt":{"rendered":"<p>EL VALOR DE NUESTROS PRODUCTOS Redefinir las categor\u00edas de la bebida, para crear valor y dirigir el inter\u00e9s de los consumidores Nos centramos en las caracter\u00edsticas predominantes, los \u201cselling points&#8221; que hacen que nuestros productos puedan despertar un nuevo inter\u00e9s entre los consumidores y satisfacer sus preferencias, expectativas y prioridades a un nivel superior y [&hellip;]<\/p>\n","protected":false},"author":1,"featured_media":0,"parent":0,"menu_order":0,"comment_status":"closed","ping_status":"closed","template":"tpl-default-elementor.php","meta":{"_acf_changed":false,"footnotes":""},"class_list":["post-3463","page","type-page","status-publish","hentry"],"acf":[],"yoast_head":"<!-- This site is optimized with the Yoast SEO plugin v24.7 - https:\/\/yoast.com\/wordpress\/plugins\/seo\/ -->\n<title>Valores | Driving Beverage Trends<\/title>\n<meta name=\"robots\" content=\"index, follow, max-snippet:-1, max-image-preview:large, max-video-preview:-1\" \/>\n<link rel=\"canonical\" href=\"https:\/\/beveragetrends.es\/es\/valores\/\" \/>\n<meta property=\"og:locale\" content=\"es_ES\" \/>\n<meta property=\"og:type\" content=\"article\" \/>\n<meta property=\"og:title\" content=\"Valores | Driving Beverage Trends\" \/>\n<meta property=\"og:description\" content=\"EL VALOR DE NUESTROS PRODUCTOS Redefinir las categor\u00edas de la bebida, para crear valor y dirigir el inter\u00e9s de los consumidores Nos centramos en las caracter\u00edsticas predominantes, los \u201cselling points&#8221; que hacen que nuestros productos puedan despertar un nuevo inter\u00e9s entre los consumidores y satisfacer sus preferencias, expectativas y prioridades a un nivel superior y [&hellip;]\" \/>\n<meta property=\"og:url\" content=\"https:\/\/beveragetrends.es\/es\/valores\/\" \/>\n<meta property=\"og:site_name\" content=\"Driving Beverage Trends\" \/>\n<meta property=\"article:modified_time\" content=\"2025-04-01T14:02:07+00:00\" \/>\n<meta property=\"og:image\" content=\"https:\/\/beveragetrends.es\/wp-content\/uploads\/2025\/02\/iStock-2152367200-1.jpg\" \/>\n\t<meta property=\"og:image:width\" content=\"1600\" \/>\n\t<meta property=\"og:image:height\" content=\"2400\" \/>\n\t<meta property=\"og:image:type\" content=\"image\/jpeg\" \/>\n<meta name=\"twitter:card\" content=\"summary_large_image\" \/>\n<meta name=\"twitter:label1\" content=\"Tiempo de lectura\" \/>\n\t<meta name=\"twitter:data1\" content=\"4 minutos\" \/>\n<script type=\"application\/ld+json\" class=\"yoast-schema-graph\">{\"@context\":\"https:\/\/schema.org\",\"@graph\":[{\"@type\":\"WebPage\",\"@id\":\"https:\/\/beveragetrends.es\/es\/valores\/\",\"url\":\"https:\/\/beveragetrends.es\/es\/valores\/\",\"name\":\"Valores | Driving Beverage Trends\",\"isPartOf\":{\"@id\":\"https:\/\/beveragetrends.es\/es\/#website\"},\"primaryImageOfPage\":{\"@id\":\"https:\/\/beveragetrends.es\/es\/valores\/#primaryimage\"},\"image\":{\"@id\":\"https:\/\/beveragetrends.es\/es\/valores\/#primaryimage\"},\"thumbnailUrl\":\"https:\/\/beveragetrends.es\/wp-content\/uploads\/2025\/02\/iStock-2152367200-1.jpg\",\"datePublished\":\"2025-02-25T15:26:22+00:00\",\"dateModified\":\"2025-04-01T14:02:07+00:00\",\"breadcrumb\":{\"@id\":\"https:\/\/beveragetrends.es\/es\/valores\/#breadcrumb\"},\"inLanguage\":\"es\",\"potentialAction\":[{\"@type\":\"ReadAction\",\"target\":[\"https:\/\/beveragetrends.es\/es\/valores\/\"]}]},{\"@type\":\"ImageObject\",\"inLanguage\":\"es\",\"@id\":\"https:\/\/beveragetrends.es\/es\/valores\/#primaryimage\",\"url\":\"https:\/\/beveragetrends.es\/wp-content\/uploads\/2025\/02\/iStock-2152367200-1.jpg\",\"contentUrl\":\"https:\/\/beveragetrends.es\/wp-content\/uploads\/2025\/02\/iStock-2152367200-1.jpg\"},{\"@type\":\"BreadcrumbList\",\"@id\":\"https:\/\/beveragetrends.es\/es\/valores\/#breadcrumb\",\"itemListElement\":[{\"@type\":\"ListItem\",\"position\":1,\"name\":\"Portada\",\"item\":\"https:\/\/beveragetrends.es\/es\/inicio\/\"},{\"@type\":\"ListItem\",\"position\":2,\"name\":\"Valores\"}]},{\"@type\":\"WebSite\",\"@id\":\"https:\/\/beveragetrends.es\/es\/#website\",\"url\":\"https:\/\/beveragetrends.es\/es\/\",\"name\":\"Fiorangelo Calima\",\"description\":\"\",\"publisher\":{\"@id\":\"https:\/\/beveragetrends.es\/es\/#organization\"},\"potentialAction\":[{\"@type\":\"SearchAction\",\"target\":{\"@type\":\"EntryPoint\",\"urlTemplate\":\"https:\/\/beveragetrends.es\/es\/?s={search_term_string}\"},\"query-input\":{\"@type\":\"PropertyValueSpecification\",\"valueRequired\":true,\"valueName\":\"search_term_string\"}}],\"inLanguage\":\"es\"},{\"@type\":\"Organization\",\"@id\":\"https:\/\/beveragetrends.es\/es\/#organization\",\"name\":\"Fiorangelo Calima\",\"url\":\"https:\/\/beveragetrends.es\/es\/\",\"logo\":{\"@type\":\"ImageObject\",\"inLanguage\":\"es\",\"@id\":\"https:\/\/beveragetrends.es\/es\/#\/schema\/logo\/image\/\",\"url\":\"https:\/\/beveragetrends.es\/wp-content\/uploads\/2025\/02\/Logo-DBT-edit.png\",\"contentUrl\":\"https:\/\/beveragetrends.es\/wp-content\/uploads\/2025\/02\/Logo-DBT-edit.png\",\"width\":776,\"height\":332,\"caption\":\"Fiorangelo Calima\"},\"image\":{\"@id\":\"https:\/\/beveragetrends.es\/es\/#\/schema\/logo\/image\/\"}}]}<\/script>\n<!-- \/ Yoast SEO plugin. -->","yoast_head_json":{"title":"Valores | Driving Beverage Trends","robots":{"index":"index","follow":"follow","max-snippet":"max-snippet:-1","max-image-preview":"max-image-preview:large","max-video-preview":"max-video-preview:-1"},"canonical":"https:\/\/beveragetrends.es\/es\/valores\/","og_locale":"es_ES","og_type":"article","og_title":"Valores | Driving Beverage Trends","og_description":"EL VALOR DE NUESTROS PRODUCTOS Redefinir las categor\u00edas de la bebida, para crear valor y dirigir el inter\u00e9s de los consumidores Nos centramos en las caracter\u00edsticas predominantes, los \u201cselling points&#8221; que hacen que nuestros productos puedan despertar un nuevo inter\u00e9s entre los consumidores y satisfacer sus preferencias, expectativas y prioridades a un nivel superior y [&hellip;]","og_url":"https:\/\/beveragetrends.es\/es\/valores\/","og_site_name":"Driving Beverage Trends","article_modified_time":"2025-04-01T14:02:07+00:00","og_image":[{"width":1600,"height":2400,"url":"https:\/\/beveragetrends.es\/wp-content\/uploads\/2025\/02\/iStock-2152367200-1.jpg","type":"image\/jpeg"}],"twitter_card":"summary_large_image","twitter_misc":{"Tiempo de lectura":"4 minutos"},"schema":{"@context":"https:\/\/schema.org","@graph":[{"@type":"WebPage","@id":"https:\/\/beveragetrends.es\/es\/valores\/","url":"https:\/\/beveragetrends.es\/es\/valores\/","name":"Valores | Driving Beverage Trends","isPartOf":{"@id":"https:\/\/beveragetrends.es\/es\/#website"},"primaryImageOfPage":{"@id":"https:\/\/beveragetrends.es\/es\/valores\/#primaryimage"},"image":{"@id":"https:\/\/beveragetrends.es\/es\/valores\/#primaryimage"},"thumbnailUrl":"https:\/\/beveragetrends.es\/wp-content\/uploads\/2025\/02\/iStock-2152367200-1.jpg","datePublished":"2025-02-25T15:26:22+00:00","dateModified":"2025-04-01T14:02:07+00:00","breadcrumb":{"@id":"https:\/\/beveragetrends.es\/es\/valores\/#breadcrumb"},"inLanguage":"es","potentialAction":[{"@type":"ReadAction","target":["https:\/\/beveragetrends.es\/es\/valores\/"]}]},{"@type":"ImageObject","inLanguage":"es","@id":"https:\/\/beveragetrends.es\/es\/valores\/#primaryimage","url":"https:\/\/beveragetrends.es\/wp-content\/uploads\/2025\/02\/iStock-2152367200-1.jpg","contentUrl":"https:\/\/beveragetrends.es\/wp-content\/uploads\/2025\/02\/iStock-2152367200-1.jpg"},{"@type":"BreadcrumbList","@id":"https:\/\/beveragetrends.es\/es\/valores\/#breadcrumb","itemListElement":[{"@type":"ListItem","position":1,"name":"Portada","item":"https:\/\/beveragetrends.es\/es\/inicio\/"},{"@type":"ListItem","position":2,"name":"Valores"}]},{"@type":"WebSite","@id":"https:\/\/beveragetrends.es\/es\/#website","url":"https:\/\/beveragetrends.es\/es\/","name":"Fiorangelo Calima","description":"","publisher":{"@id":"https:\/\/beveragetrends.es\/es\/#organization"},"potentialAction":[{"@type":"SearchAction","target":{"@type":"EntryPoint","urlTemplate":"https:\/\/beveragetrends.es\/es\/?s={search_term_string}"},"query-input":{"@type":"PropertyValueSpecification","valueRequired":true,"valueName":"search_term_string"}}],"inLanguage":"es"},{"@type":"Organization","@id":"https:\/\/beveragetrends.es\/es\/#organization","name":"Fiorangelo Calima","url":"https:\/\/beveragetrends.es\/es\/","logo":{"@type":"ImageObject","inLanguage":"es","@id":"https:\/\/beveragetrends.es\/es\/#\/schema\/logo\/image\/","url":"https:\/\/beveragetrends.es\/wp-content\/uploads\/2025\/02\/Logo-DBT-edit.png","contentUrl":"https:\/\/beveragetrends.es\/wp-content\/uploads\/2025\/02\/Logo-DBT-edit.png","width":776,"height":332,"caption":"Fiorangelo Calima"},"image":{"@id":"https:\/\/beveragetrends.es\/es\/#\/schema\/logo\/image\/"}}]}},"_links":{"self":[{"href":"https:\/\/beveragetrends.es\/es\/wp-json\/wp\/v2\/pages\/3463","targetHints":{"allow":["GET"]}}],"collection":[{"href":"https:\/\/beveragetrends.es\/es\/wp-json\/wp\/v2\/pages"}],"about":[{"href":"https:\/\/beveragetrends.es\/es\/wp-json\/wp\/v2\/types\/page"}],"author":[{"embeddable":true,"href":"https:\/\/beveragetrends.es\/es\/wp-json\/wp\/v2\/users\/1"}],"replies":[{"embeddable":true,"href":"https:\/\/beveragetrends.es\/es\/wp-json\/wp\/v2\/comments?post=3463"}],"version-history":[{"count":4,"href":"https:\/\/beveragetrends.es\/es\/wp-json\/wp\/v2\/pages\/3463\/revisions"}],"predecessor-version":[{"id":3467,"href":"https:\/\/beveragetrends.es\/es\/wp-json\/wp\/v2\/pages\/3463\/revisions\/3467"}],"wp:attachment":[{"href":"https:\/\/beveragetrends.es\/es\/wp-json\/wp\/v2\/media?parent=3463"}],"curies":[{"name":"wp","href":"https:\/\/api.w.org\/{rel}","templated":true}]}}