{"id":3493,"date":"2025-02-27T15:20:55","date_gmt":"2025-02-27T15:20:55","guid":{"rendered":"https:\/\/beveragetrends.es\/cookies-policy\/"},"modified":"2025-04-01T15:49:11","modified_gmt":"2025-04-01T15:49:11","slug":"politica-de-cookies","status":"publish","type":"page","link":"https:\/\/beveragetrends.es\/es\/politica-de-cookies\/","title":{"rendered":"Pol\u00edtica de Cookies"},"content":{"rendered":"<p>POL\u00cdTICA DE COOKIES<br \/>\nwww.beveragetrends.es<br \/>\nEl acceso a este Sitio Web puede implicar la utilizaci\u00f3n de cookies. Las cookies son peque\u00f1as<br \/>\ncantidades de informaci\u00f3n que se almacenan en el navegador utilizado por cada Usuario \u2014en los<br \/>\ndistintos dispositivos que pueda utilizar para navegar\u2014 para que el servidor recuerde cierta<br \/>\ninformaci\u00f3n que posteriormente y \u00fanicamente el servidor que la implement\u00f3 leer\u00e1. Las cookies<br \/>\nfacilitan la navegaci\u00f3n, la hacen m\u00e1s amigable, y no da\u00f1an el dispositivo de navegaci\u00f3n.<br \/>\nLas cookies son procedimientos autom\u00e1ticos de recogida de informaci\u00f3n relativa a las preferencias<br \/>\ndeterminadas por el Usuario durante su visita al Sitio Web con el fin de reconocerlo como Usuario,<br \/>\ny personalizar su experiencia y el uso del Sitio Web, y pueden tambi\u00e9n, por ejemplo, ayudar a<br \/>\nidentificar y resolver errores.<br \/>\nLa informaci\u00f3n recabada a trav\u00e9s de las cookies puede incluir la fecha y hora de visitas al Sitio<br \/>\nWeb, las p\u00e1ginas visionadas, el tiempo que ha estado en el Sitio Web y los sitios visitados justo<br \/>\nantes y despu\u00e9s del mismo. Sin embargo, ninguna cookie permite que esta misma pueda contactarse<br \/>\ncon el n\u00famero de tel\u00e9fono del Usuario o con cualquier otro medio de contacto personal. Ninguna<br \/>\ncookie puede extraer informaci\u00f3n del disco duro del Usuario o robar informaci\u00f3n personal. La \u00fanica<br \/>\nmanera de que la informaci\u00f3n privada del Usuario forme parte del archivo Cookie es que el usuario<br \/>\nd\u00e9 personalmente esa informaci\u00f3n al servidor.<br \/>\nLas cookies que permiten identificar a una persona se consideran datos personales. Por tanto, a las<br \/>\nmismas les ser\u00e1 de aplicaci\u00f3n la Pol\u00edtica de Privacidad anteriormente descrita. En este sentido, para<br \/>\nla utilizaci\u00f3n de las mismas ser\u00e1 necesario el consentimiento del Usuario. Este consentimiento ser\u00e1<br \/>\ncomunicado, en base a una elecci\u00f3n aut\u00e9ntica, ofrecido mediante una decisi\u00f3n afirmativa y positiva,<br \/>\nantes del tratamiento inicial, removible y documentado.<br \/>\nCookies propias<br \/>\nSon aquellas cookies que son enviadas al ordenador o dispositivo del Usuario y gestionadas<br \/>\nexclusivamente por www.beveragetrends.es para el mejor funcionamiento del Sitio Web. La<br \/>\ninformaci\u00f3n que se recaba se emplea para mejorar la calidad del Sitio Web y su Contenido y su<br \/>\nexperiencia como Usuario. Estas cookies permiten reconocer al Usuario como visitante recurrente<br \/>\ndel Sitio Web y adaptar el contenido para ofrecerle contenidos que se ajusten a sus preferencias.<br \/>\nCookies de terceros<br \/>\nSon cookies utilizadas y gestionadas por entidades externas que proporcionan a<br \/>\nwww.beveragetrends.es servicios solicitados por este mismo para mejorar el Sitio Web y la<br \/>\nexperiencia del usuario al navegar en el Sitio Web. Los principales objetivos para los que se utilizan<br \/>\ncookies de terceros son la obtenci\u00f3n de estad\u00edsticas de accesos y analizar la informaci\u00f3n de la<br \/>\nnavegaci\u00f3n, es decir, c\u00f3mo interact\u00faa el Usuario con el Sitio Web.<br \/>\nLa informaci\u00f3n que se obtiene se refiere, por ejemplo, al n\u00famero de p\u00e1ginas visitadas, el idioma, el<br \/>\nlugar a la que la direcci\u00f3n IP desde el que accede el Usuario, el n\u00famero de Usuarios que acceden, la<br \/>\nfrecuencia y reincidencia de las visitas, el tiempo de visita, el navegador que usan, el operador o<br \/>\ntipo de dispositivo desde el que se realiza la visita. Esta informaci\u00f3n se utiliza para mejorar el Sitio<br \/>\nWeb, y detectar nuevas necesidades para ofrecer a los Usuarios un Contenido y\/o servicio de \u00f3ptima<br \/>\ncalidad. En todo caso, la informaci\u00f3n se recopila de forma an\u00f3nima y se elaboran informes de<br \/>\ntendencias del Sitio Web sin identificar a usuarios individuales.<br \/>\nPuede obtener m\u00e1s informaci\u00f3n sobre las cookies, la informaci\u00f3n sobre la privacidad, o consultar la<br \/>\ndescripci\u00f3n del tipo de cookies que se utiliza, sus principales caracter\u00edsticas, periodo de expiraci\u00f3n,<br \/>\netc. en el siguiente(s) enlace(s):<br \/>\nLa(s) entidad(es) encargada(s) del suministro de cookies podr\u00e1(n) ceder esta informaci\u00f3n a terceros,<br \/>\nsiempre y cuando lo exija la ley o sea un tercero el que procese esta informaci\u00f3n para dichas<br \/>\nentidades.<br \/>\nCookies de redes sociales<br \/>\nwww.beveragetrends.es puede incorporar plugins de redes sociales, que permiten acceder a las<br \/>\nmismas a partir del Sitio Web. Por esta raz\u00f3n, las cookies de redes sociales pueden almacenarse en<br \/>\nel navegador del Usuario. Los titulares de dichas redes sociales disponen de sus propias pol\u00edticas de<br \/>\nprotecci\u00f3n de datos y de cookies, siendo ellos mismos, en cada caso, responsables de sus propios<br \/>\nficheros y de sus propias pr\u00e1cticas de privacidad. El Usuario debe referirse a las mismas para<br \/>\ninformarse acerca de dichas cookies y, en su caso, del tratamiento de sus datos personales.<br \/>\n\u00danicamente a t\u00edtulo informativo se indican a continuaci\u00f3n los enlaces en los que se pueden<br \/>\nconsultar dichas pol\u00edticas de privacidad y\/o de cookies:<br \/>\n\u2022 Facebook: https:\/\/www.facebook.com\/policies\/cookies\/<br \/>\n\u2022 Twitter: https:\/\/twitter.com\/es\/privacy<br \/>\n\u2022 Instagram: https:\/\/help.instagram.com\/1896641480634370?ref=ig<br \/>\n\u2022 YouTube: https:\/\/policies.google.com\/privacy?hl=es-419&amp;gl=mx<br \/>\n\u2022 Pinterest: https:\/\/policy.pinterest.com\/es\/privacy-policy<br \/>\n\u2022 LinkedIn: https:\/\/www.linkedin.com\/legal\/cookie-policy?trk=hp-cookies<br \/>\nDeshabilitar, rechazar y eliminar cookies<br \/>\nEl Usuario puede deshabilitar, rechazar y eliminar las cookies \u2014total o parcialmente\u2014 instaladas<br \/>\nen su dispositivo mediante la configuraci\u00f3n de su navegador (entre los que se encuentran, por<br \/>\nejemplo, Chrome, Firefox, Safari, Explorer). En este sentido, los procedimientos para rechazar y<br \/>\neliminar las cookies pueden diferir de un navegador de Internet a otro. En consecuencia, el Usuario<br \/>\ndebe acudir a las instrucciones facilitadas por el propio navegador de Internet que est\u00e9 utilizando.<br \/>\nEn el supuesto de que rechace el uso de cookies \u2014total o parcialmente\u2014 podr\u00e1 seguir usando el<br \/>\nSitio Web, si bien podr\u00e1 tener limitada la utilizaci\u00f3n de algunas de las prestaciones del mismo.<\/p>\n","protected":false},"excerpt":{"rendered":"<p>POL\u00cdTICA DE COOKIES www.beveragetrends.es El acceso a este Sitio Web puede implicar la utilizaci\u00f3n de cookies. Las cookies son peque\u00f1as cantidades de informaci\u00f3n que se almacenan en el navegador utilizado por cada Usuario \u2014en los distintos dispositivos que pueda utilizar para navegar\u2014 para que el servidor recuerde cierta informaci\u00f3n que posteriormente y \u00fanicamente el servidor [&hellip;]<\/p>\n","protected":false},"author":1,"featured_media":0,"parent":0,"menu_order":0,"comment_status":"closed","ping_status":"closed","template":"","meta":{"_acf_changed":false,"footnotes":""},"class_list":["post-3493","page","type-page","status-publish","hentry"],"acf":[],"yoast_head":"<!-- This site is optimized with the Yoast SEO plugin v24.7 - https:\/\/yoast.com\/wordpress\/plugins\/seo\/ -->\n<title>Pol\u00edtica de Cookies | Driving Beverage Trends<\/title>\n<meta name=\"robots\" content=\"noindex, follow\" \/>\n<meta property=\"og:locale\" content=\"es_ES\" \/>\n<meta property=\"og:type\" content=\"article\" \/>\n<meta property=\"og:title\" content=\"Pol\u00edtica de Cookies | Driving Beverage Trends\" \/>\n<meta property=\"og:description\" content=\"POL\u00cdTICA DE COOKIES www.beveragetrends.es El acceso a este Sitio Web puede implicar la utilizaci\u00f3n de cookies. Las cookies son peque\u00f1as cantidades de informaci\u00f3n que se almacenan en el navegador utilizado por cada Usuario \u2014en los distintos dispositivos que pueda utilizar para navegar\u2014 para que el servidor recuerde cierta informaci\u00f3n que posteriormente y \u00fanicamente el servidor [&hellip;]\" \/>\n<meta property=\"og:url\" content=\"https:\/\/beveragetrends.es\/es\/politica-de-cookies\/\" \/>\n<meta property=\"og:site_name\" content=\"Driving Beverage Trends\" \/>\n<meta property=\"article:modified_time\" content=\"2025-04-01T15:49:11+00:00\" \/>\n<meta property=\"og:image\" content=\"https:\/\/beveragetrends.es\/wp-content\/uploads\/2025\/02\/Logo-DBT-edit-2.png\" \/>\n\t<meta property=\"og:image:width\" content=\"749\" \/>\n\t<meta property=\"og:image:height\" content=\"332\" \/>\n\t<meta property=\"og:image:type\" content=\"image\/png\" \/>\n<meta name=\"twitter:card\" content=\"summary_large_image\" \/>\n<meta name=\"twitter:label1\" content=\"Tiempo de lectura\" \/>\n\t<meta name=\"twitter:data1\" content=\"4 minutos\" \/>\n<script type=\"application\/ld+json\" class=\"yoast-schema-graph\">{\"@context\":\"https:\/\/schema.org\",\"@graph\":[{\"@type\":\"WebPage\",\"@id\":\"https:\/\/beveragetrends.es\/es\/politica-de-cookies\/\",\"url\":\"https:\/\/beveragetrends.es\/es\/politica-de-cookies\/\",\"name\":\"Pol\u00edtica de Cookies | Driving Beverage Trends\",\"isPartOf\":{\"@id\":\"https:\/\/beveragetrends.es\/es\/#website\"},\"datePublished\":\"2025-02-27T15:20:55+00:00\",\"dateModified\":\"2025-04-01T15:49:11+00:00\",\"breadcrumb\":{\"@id\":\"https:\/\/beveragetrends.es\/es\/politica-de-cookies\/#breadcrumb\"},\"inLanguage\":\"es\",\"potentialAction\":[{\"@type\":\"ReadAction\",\"target\":[\"https:\/\/beveragetrends.es\/es\/politica-de-cookies\/\"]}]},{\"@type\":\"BreadcrumbList\",\"@id\":\"https:\/\/beveragetrends.es\/es\/politica-de-cookies\/#breadcrumb\",\"itemListElement\":[{\"@type\":\"ListItem\",\"position\":1,\"name\":\"Portada\",\"item\":\"https:\/\/beveragetrends.es\/es\/inicio\/\"},{\"@type\":\"ListItem\",\"position\":2,\"name\":\"Pol\u00edtica de Cookies\"}]},{\"@type\":\"WebSite\",\"@id\":\"https:\/\/beveragetrends.es\/es\/#website\",\"url\":\"https:\/\/beveragetrends.es\/es\/\",\"name\":\"Fiorangelo Calima\",\"description\":\"\",\"publisher\":{\"@id\":\"https:\/\/beveragetrends.es\/es\/#organization\"},\"potentialAction\":[{\"@type\":\"SearchAction\",\"target\":{\"@type\":\"EntryPoint\",\"urlTemplate\":\"https:\/\/beveragetrends.es\/es\/?s={search_term_string}\"},\"query-input\":{\"@type\":\"PropertyValueSpecification\",\"valueRequired\":true,\"valueName\":\"search_term_string\"}}],\"inLanguage\":\"es\"},{\"@type\":\"Organization\",\"@id\":\"https:\/\/beveragetrends.es\/es\/#organization\",\"name\":\"Fiorangelo Calima\",\"url\":\"https:\/\/beveragetrends.es\/es\/\",\"logo\":{\"@type\":\"ImageObject\",\"inLanguage\":\"es\",\"@id\":\"https:\/\/beveragetrends.es\/es\/#\/schema\/logo\/image\/\",\"url\":\"https:\/\/beveragetrends.es\/wp-content\/uploads\/2025\/02\/Logo-DBT-edit.png\",\"contentUrl\":\"https:\/\/beveragetrends.es\/wp-content\/uploads\/2025\/02\/Logo-DBT-edit.png\",\"width\":776,\"height\":332,\"caption\":\"Fiorangelo Calima\"},\"image\":{\"@id\":\"https:\/\/beveragetrends.es\/es\/#\/schema\/logo\/image\/\"}}]}<\/script>\n<!-- \/ Yoast SEO plugin. -->","yoast_head_json":{"title":"Pol\u00edtica de Cookies | Driving Beverage Trends","robots":{"index":"noindex","follow":"follow"},"og_locale":"es_ES","og_type":"article","og_title":"Pol\u00edtica de Cookies | Driving Beverage Trends","og_description":"POL\u00cdTICA DE COOKIES www.beveragetrends.es El acceso a este Sitio Web puede implicar la utilizaci\u00f3n de cookies. Las cookies son peque\u00f1as cantidades de informaci\u00f3n que se almacenan en el navegador utilizado por cada Usuario \u2014en los distintos dispositivos que pueda utilizar para navegar\u2014 para que el servidor recuerde cierta informaci\u00f3n que posteriormente y \u00fanicamente el servidor [&hellip;]","og_url":"https:\/\/beveragetrends.es\/es\/politica-de-cookies\/","og_site_name":"Driving Beverage Trends","article_modified_time":"2025-04-01T15:49:11+00:00","og_image":[{"width":749,"height":332,"url":"https:\/\/beveragetrends.es\/wp-content\/uploads\/2025\/02\/Logo-DBT-edit-2.png","type":"image\/png"}],"twitter_card":"summary_large_image","twitter_misc":{"Tiempo de lectura":"4 minutos"},"schema":{"@context":"https:\/\/schema.org","@graph":[{"@type":"WebPage","@id":"https:\/\/beveragetrends.es\/es\/politica-de-cookies\/","url":"https:\/\/beveragetrends.es\/es\/politica-de-cookies\/","name":"Pol\u00edtica de Cookies | Driving Beverage Trends","isPartOf":{"@id":"https:\/\/beveragetrends.es\/es\/#website"},"datePublished":"2025-02-27T15:20:55+00:00","dateModified":"2025-04-01T15:49:11+00:00","breadcrumb":{"@id":"https:\/\/beveragetrends.es\/es\/politica-de-cookies\/#breadcrumb"},"inLanguage":"es","potentialAction":[{"@type":"ReadAction","target":["https:\/\/beveragetrends.es\/es\/politica-de-cookies\/"]}]},{"@type":"BreadcrumbList","@id":"https:\/\/beveragetrends.es\/es\/politica-de-cookies\/#breadcrumb","itemListElement":[{"@type":"ListItem","position":1,"name":"Portada","item":"https:\/\/beveragetrends.es\/es\/inicio\/"},{"@type":"ListItem","position":2,"name":"Pol\u00edtica de Cookies"}]},{"@type":"WebSite","@id":"https:\/\/beveragetrends.es\/es\/#website","url":"https:\/\/beveragetrends.es\/es\/","name":"Fiorangelo Calima","description":"","publisher":{"@id":"https:\/\/beveragetrends.es\/es\/#organization"},"potentialAction":[{"@type":"SearchAction","target":{"@type":"EntryPoint","urlTemplate":"https:\/\/beveragetrends.es\/es\/?s={search_term_string}"},"query-input":{"@type":"PropertyValueSpecification","valueRequired":true,"valueName":"search_term_string"}}],"inLanguage":"es"},{"@type":"Organization","@id":"https:\/\/beveragetrends.es\/es\/#organization","name":"Fiorangelo Calima","url":"https:\/\/beveragetrends.es\/es\/","logo":{"@type":"ImageObject","inLanguage":"es","@id":"https:\/\/beveragetrends.es\/es\/#\/schema\/logo\/image\/","url":"https:\/\/beveragetrends.es\/wp-content\/uploads\/2025\/02\/Logo-DBT-edit.png","contentUrl":"https:\/\/beveragetrends.es\/wp-content\/uploads\/2025\/02\/Logo-DBT-edit.png","width":776,"height":332,"caption":"Fiorangelo Calima"},"image":{"@id":"https:\/\/beveragetrends.es\/es\/#\/schema\/logo\/image\/"}}]}},"_links":{"self":[{"href":"https:\/\/beveragetrends.es\/es\/wp-json\/wp\/v2\/pages\/3493","targetHints":{"allow":["GET"]}}],"collection":[{"href":"https:\/\/beveragetrends.es\/es\/wp-json\/wp\/v2\/pages"}],"about":[{"href":"https:\/\/beveragetrends.es\/es\/wp-json\/wp\/v2\/types\/page"}],"author":[{"embeddable":true,"href":"https:\/\/beveragetrends.es\/es\/wp-json\/wp\/v2\/users\/1"}],"replies":[{"embeddable":true,"href":"https:\/\/beveragetrends.es\/es\/wp-json\/wp\/v2\/comments?post=3493"}],"version-history":[{"count":1,"href":"https:\/\/beveragetrends.es\/es\/wp-json\/wp\/v2\/pages\/3493\/revisions"}],"predecessor-version":[{"id":3512,"href":"https:\/\/beveragetrends.es\/es\/wp-json\/wp\/v2\/pages\/3493\/revisions\/3512"}],"wp:attachment":[{"href":"https:\/\/beveragetrends.es\/es\/wp-json\/wp\/v2\/media?parent=3493"}],"curies":[{"name":"wp","href":"https:\/\/api.w.org\/{rel}","templated":true}]}}