{"id":3495,"date":"2025-02-27T14:44:27","date_gmt":"2025-02-27T14:44:27","guid":{"rendered":"https:\/\/beveragetrends.es\/legal-advice\/"},"modified":"2025-04-01T15:47:41","modified_gmt":"2025-04-01T15:47:41","slug":"aviso-legal","status":"publish","type":"page","link":"https:\/\/beveragetrends.es\/es\/aviso-legal\/","title":{"rendered":"Aviso legal"},"content":{"rendered":"\t\t<div data-elementor-type=\"wp-page\" data-elementor-id=\"3495\" class=\"elementor elementor-3495 elementor-2734\" data-elementor-post-type=\"page\">\n\t\t\t\t<div class=\"elementor-element elementor-element-a398bec e-flex e-con-boxed e-con e-parent\" data-id=\"a398bec\" data-element_type=\"container\">\n\t\t\t\t\t<div class=\"e-con-inner\">\n\t\t\t\t<div class=\"elementor-element elementor-element-7ee214d elementor-widget elementor-widget-text-editor\" data-id=\"7ee214d\" data-element_type=\"widget\" data-widget_type=\"text-editor.default\">\n\t\t\t\t<div class=\"elementor-widget-container\">\n\t\t\t\t\t\t\t\t\t<p>AVISO LEGAL Y CONDICIONES GENERALES DE USO<br \/>www.beveragetrends.es<\/p><p>I. INFORMACI\u00d3N GENERAL<br \/>En cumplimiento con el deber de informaci\u00f3n dispuesto en la Ley 34\/2002 de Servicios de la<br \/>Sociedad de la Informaci\u00f3n y el Comercio Electr\u00f3nico (LSSI-CE) de 11 de julio, se facilitan a<br \/>continuaci\u00f3n los siguientes datos de informaci\u00f3n general de este sitio web:<br \/>La titularidad de este sitio web, www.beveragetrends.es, (en adelante, Sitio Web) la ostenta:<br \/>Fiorangelo Calim\u00e0, con NIF: Y5957144C, y cuyos datos de contacto son:<br \/>La titularidad de este sitio web, www.beveragetrends.es, (en adelante, Sitio Web) la ostenta: ,<br \/>provista de NIF: e inscrita en: con los siguientes datos registrales: , cuyo representante es: , y cuyos<br \/>datos de contacto son:<br \/>Direcci\u00f3n: Calle Aigua Dolca 1 (6-2)<br \/>Tel\u00e9fono de contacto: 684170935<br \/>Fax:<br \/>Email de contacto: contact@beveragetrends.es<\/p><p>II. T\u00c9RMINOS Y CONDICIONES GENERALES DE USO<br \/>El objeto de las condiciones: El Sitio Web<br \/>El objeto de las presentes Condiciones Generales de Uso (en adelante, Condiciones) es regular el<br \/>acceso y la utilizaci\u00f3n del Sitio Web. A los efectos de las presentes Condiciones se entender\u00e1 como<br \/>Sitio Web: la apariencia externa de los interfaces de pantalla, tanto de forma est\u00e1tica como de forma<br \/>din\u00e1mica, es decir, el \u00e1rbol de navegaci\u00f3n; y todos los elementos integrados tanto en los interfaces<br \/>de pantalla como en el \u00e1rbol de navegaci\u00f3n (en adelante, Contenidos) y todos aquellos servicios o<br \/>recursos en l\u00ednea que en su caso ofrezca a los Usuarios (en adelante, Servicios).<br \/>www.beveragetrends.es se reserva la facultad de modificar, en cualquier momento, y sin aviso<br \/>previo, la presentaci\u00f3n y configuraci\u00f3n del Sitio Web y de los Contenidos y Servicios que en \u00e9l<br \/>pudieran estar incorporados. El Usuario reconoce y acepta que en cualquier momento<br \/>www.beveragetrends.es pueda interrumpir, desactivar y\/o cancelar cualquiera de estos elementos<br \/>que se integran en el Sitio Web o el acceso a los mismos.<br \/>El acceso al Sitio Web por el Usuario tiene car\u00e1cter libre y, por regla general, es gratuito sin que el<br \/>Usuario tenga que proporcionar una contraprestaci\u00f3n para poder disfrutar de ello, salvo en lo<br \/>relativo al coste de conexi\u00f3n a trav\u00e9s de la red de telecomunicaciones suministrada por el proveedor<br \/>de acceso que hubiere contratado el Usuario.<br \/>Aparte del coste de conexi\u00f3n a trav\u00e9s de la red de telecomunicaciones suministrada por el<br \/>proveedor de acceso, y que hubiere contratado el Usuario, algunos de los Contenidos o Servicios<br \/>ofrecidos por www.beveragetrends.es o, en su caso, terceros a trav\u00e9s del Sitio Web pueden<br \/>encontrarse sujetos a la contrataci\u00f3n previa del Contenido o Servicio, en cuyo caso se especificar\u00e1<br \/>de forma clara y\/o se pondr\u00e1 a disposici\u00f3n del Usuario las correspondientes Condiciones Generales<br \/>o Particulares por las que esto se rija.<br \/>La utilizaci\u00f3n de alguno de los Contenidos o Servicios del Sitio Web podr\u00e1 hacerse mediante la<br \/>suscripci\u00f3n o registro previo del Usuario.<br \/>La utilizaci\u00f3n de los Contenidos no requiere previa suscripci\u00f3n o registro alguno.<br \/>El Usuario<br \/>El acceso, la navegaci\u00f3n y uso del Sitio Web, as\u00ed como por los espacios habilitados para interactuar<br \/>entre los Usuarios, y el Usuario y www.beveragetrends.es, como los comentarios y\/o espacios de<br \/>blogging, confiere la condici\u00f3n de Usuario, por lo que se aceptan, desde que se inicia la navegaci\u00f3n<br \/>por el Sitio Web, todas las Condiciones aqu\u00ed establecidas, as\u00ed como sus ulteriores modificaciones,<br \/>sin perjuicio de la aplicaci\u00f3n de la correspondiente normativa legal de obligado cumplimiento seg\u00fan<br \/>el caso. Dada la relevancia de lo anterior, se recomienda al Usuario leerlas cada vez que visite el<br \/>Sitio Web.<br \/>El Sitio Web de www.beveragetrends.es proporciona gran diversidad de informaci\u00f3n, servicios y<br \/>datos. El Usuario asume su responsabilidad para realizar un uso correcto del Sitio Web. Esta<br \/>responsabilidad se extender\u00e1 a:<br \/>\u2022 Un uso de la informaci\u00f3n, Contenidos y\/o Servicios y datos ofrecidos por<br \/>www.beveragetrends.es sin que sea contrario a lo dispuesto por las presentes Condiciones, la<br \/>Ley, la moral o el orden p\u00fablico, o que de cualquier otro modo puedan suponer lesi\u00f3n de los<br \/>derechos de terceros o del mismo funcionamiento del Sitio Web.<br \/>\u2022 La veracidad y licitud de las informaciones aportadas por el Usuario en los formularios<br \/>extendidos por www.beveragetrends.es para el acceso a ciertos Contenidos o Servicios<br \/>ofrecidos por el Sitio Web. En todo caso, el Usuario notificar\u00e1 de forma inmediata a<br \/>www.beveragetrends.es acerca de cualquier hecho que permita el uso indebido de la<br \/>informaci\u00f3n registrada en dichos formularios, tales como, pero no solo, el robo, extrav\u00edo, o<br \/>el acceso no autorizado a identificadores y\/o contrase\u00f1as, con el fin de proceder a su<br \/>inmediata cancelaci\u00f3n.<br \/>www.beveragetrends.es se reserva el derecho de retirar todos aquellos comentarios y aportaciones<br \/>que vulneren la ley, el respeto a la dignidad de la persona, que sean discriminatorios, xen\u00f3fobos,<br \/>racistas, pornogr\u00e1ficos, spamming, que atenten contra la juventud o la infancia, el orden o la<br \/>seguridad p\u00fablica o que, a su juicio, no resultaran adecuados para su publicaci\u00f3n.<br \/>En cualquier caso, www.beveragetrends.es no ser\u00e1 responsable de las opiniones vertidas por los<br \/>Usuarios a trav\u00e9s de comentarios u otras herramientas de blogging o de participaci\u00f3n que pueda<br \/>haber.<br \/>El mero acceso a este Sitio Web no supone entablar ning\u00fan tipo de relaci\u00f3n de car\u00e1cter comercial<br \/>entre www.beveragetrends.es y el Usuario.<br \/>El Usuario declara ser mayor de edad y disponer de la capacidad jur\u00eddica suficiente para vincularse<br \/>por las presentes Condiciones. Por lo tanto, este Sitio Web de www.beveragetrends.es no se dirige a<br \/>menores de edad. www.beveragetrends.es declina cualquier responsabilidad por el incumplimiento<br \/>de este requisito.<br \/>Siempre en el respeto de la legislaci\u00f3n vigente, este Sitio Web de www.beveragetrends.es se dirige a<br \/>todas las personas, sin importar su edad, que puedan acceder y\/o navegar por las p\u00e1ginas del Sitio<br \/>Web.<br \/>El Sitio Web est\u00e1 dirigido principalmente a Usuarios residentes en . www.beveragetrends.es no<br \/>asegura que el Sitio Web cumpla con legislaciones de otros pa\u00edses, ya sea total o parcialmente. Si el<br \/>Usuario reside o tiene su domiciliado en otro lugar y decide acceder y\/o navegar en el Sitio Web lo<br \/>har\u00e1 bajo su propia responsabilidad, deber\u00e1 asegurarse de que tal acceso y navegaci\u00f3n cumple con<br \/>la legislaci\u00f3n local que le es aplicable, no asumiendo www.beveragetrends.esresponsabilidad alguna<br \/>que se pueda derivar de dicho acceso.<\/p><p>III. ACCESO Y NAVEGACI\u00d3N EN EL SITIO WEB: EXCLUSI\u00d3N DE<br \/>GARANT\u00cdAS Y RESPONSABILIDAD<br \/>www.beveragetrends.es no garantiza la continuidad, disponibilidad y utilidad del Sitio Web, ni de<br \/>los Contenidos o Servicios. www.beveragetrends.es har\u00e1 todo lo posible por el buen funcionamiento<br \/>del Sitio Web, sin embargo, no se responsabiliza ni garantiza que el acceso a este Sitio Web no vaya<br \/>a ser ininterrumpido o que est\u00e9 libre de error.<br \/>Tampoco se responsabiliza o garantiza que el contenido o software al que pueda accederse a trav\u00e9s<br \/>de este Sitio Web, est\u00e9 libre de error o cause un da\u00f1o al sistema inform\u00e1tico (software y hardware)<br \/>del Usuario. En ning\u00fan caso www.beveragetrends.es ser\u00e1 responsable por las p\u00e9rdidas, da\u00f1os o<br \/>perjuicios de cualquier tipo que surjan por el acceso, navegaci\u00f3n y el uso del Sitio Web,<br \/>incluy\u00e9ndose, pero no limit\u00e1ndose, a los ocasionados a los sistemas inform\u00e1ticos o los provocados<br \/>por la introducci\u00f3n de virus.<br \/>www.beveragetrends.es tampoco se hace responsable de los da\u00f1os que pudiesen ocasionarse a los<br \/>usuarios por un uso inadecuado de este Sitio Web. En particular, no se hace responsable en modo<br \/>alguno de las ca\u00eddas, interrupciones, falta o defecto de las telecomunicaciones que pudieran ocurrir.<\/p><p>IV. POL\u00cdTICA DE ENLACES<br \/>Se informa que el Sitio Web de www.beveragetrends.es pone o puede poner a disposici\u00f3n de los<br \/>Usuarios medios de enlace (como, entre otros, links, banners, botones), directorios y motores de<br \/>b\u00fasqueda que permiten a los Usuarios acceder a sitios web pertenecientes y\/o gestionados por<br \/>terceros.<br \/>La instalaci\u00f3n de estos enlaces, directorios y motores de b\u00fasqueda en el Sitio Web tiene por objeto<br \/>facilitar a los Usuarios la b\u00fasqueda de y acceso a la informaci\u00f3n disponible en Internet, sin que<br \/>pueda considerarse una sugerencia, recomendaci\u00f3n o invitaci\u00f3n para la visita de los mismos.<br \/>www.beveragetrends.es no ofrece ni comercializa por s\u00ed ni por medio de terceros los productos y\/o<br \/>servicios disponibles en dichos sitios enlazados.<br \/>www.beveragetrends.es ofrece contenidos patrocinados, anuncios y\/o enlaces de afiliados. La<br \/>informaci\u00f3n que aparece en estos enlaces de afiliados o los anuncios insertados, son facilitados por<br \/>los propios anunciantes, por lo que www.beveragetrends.es no se hace responsable de posibles<br \/>inexactitudes o errores que pudieran contener los anuncios, ni garantiza en modo alguno la<br \/>experiencia, integridad o responsabilidad de los anunciantes o la calidad de sus productos y\/o<br \/>servicios.<br \/>Asimismo, tampoco garantizar\u00e1 la disponibilidad t\u00e9cnica, exactitud, veracidad, validez o legalidad<br \/>de sitios ajenos a su propiedad a los que se pueda acceder por medio de los enlaces.<br \/>www.beveragetrends.es en ning\u00fan caso revisar\u00e1 o controlar\u00e1 el contenido de otros sitios web, as\u00ed<br \/>como tampoco aprueba, examina ni hace propios los productos y servicios, contenidos, archivos y<br \/>cualquier otro material existente en los referidos sitios enlazados.<br \/>www.beveragetrends.es no asume ninguna responsabilidad por los da\u00f1os y perjuicios que pudieran<br \/>producirse por el acceso, uso, calidad o licitud de los contenidos, comunicaciones, opiniones,<br \/>productos y servicios de los sitios web no gestionados por www.beveragetrends.es y que sean<br \/>enlazados en este Sitio Web.<br \/>El Usuario o tercero que realice un hiperv\u00ednculo desde una p\u00e1gina web de otro, distinto, sitio web al<br \/>Sitio Web de www.beveragetrends.es deber\u00e1 saber que:<br \/>No se permite la reproducci\u00f3n \u2014total o parcialmente\u2014 de ninguno de los Contenidos y\/o Servicios<br \/>del Sitio Web sin autorizaci\u00f3n expresa de www.beveragetrends.es.<br \/>No se permite tampoco ninguna manifestaci\u00f3n falsa, inexacta o incorrecta sobre el Sitio Web de<br \/>www.beveragetrends.es, ni sobre los Contenidos y\/o Servicios del mismo.<br \/>A excepci\u00f3n del hiperv\u00ednculo, el sitio web en el que se establezca dicho hiperenlace no contendr\u00e1<br \/>ning\u00fan elemento, de este Sitio Web, protegido como propiedad intelectual por el ordenamiento<br \/>jur\u00eddico espa\u00f1ol, salvo autorizaci\u00f3n expresa de www.beveragetrends.es.<br \/>El establecimiento del hiperv\u00ednculo no implicar\u00e1 la existencia de relaciones entre<br \/>www.beveragetrends.es y el titular del sitio web desde el cual se realice, ni el conocimiento y<br \/>aceptaci\u00f3n de www.beveragetrends.es de los contenidos, servicios y\/o actividades ofrecidas en<br \/>dicho sitio web, y viceversa.<\/p><p>V. PROPIEDAD INTELECTUAL E INDUSTRIAL<br \/>www.beveragetrends.es por s\u00ed o como parte cesionaria, es titular de todos los derechos de propiedad<br \/>intelectual e industrial del Sitio Web, as\u00ed como de los elementos contenidos en el mismo (a t\u00edtulo<br \/>enunciativo y no exhaustivo, im\u00e1genes, sonido, audio, v\u00eddeo, software o textos, marcas o logotipos,<br \/>combinaciones de colores, estructura y dise\u00f1o, selecci\u00f3n de materiales usados, programas de<br \/>ordenador necesarios para su funcionamiento, acceso y uso, etc.). Ser\u00e1n, por consiguiente, obras<br \/>protegidas como propiedad intelectual por el ordenamiento jur\u00eddico espa\u00f1ol, si\u00e9ndoles aplicables<br \/>tanto la normativa espa\u00f1ola y comunitaria en este campo, como los tratados internacionales<br \/>relativos a la materia y suscritos por Espa\u00f1a.<br \/>Todos los derechos reservados. En virtud de lo dispuesto en la Ley de Propiedad Intelectual, quedan<br \/>expresamente prohibidas la reproducci\u00f3n, la distribuci\u00f3n y la comunicaci\u00f3n p\u00fablica, incluida su<br \/>modalidad de puesta a disposici\u00f3n, de la totalidad o parte de los contenidos de esta p\u00e1gina web, con<br \/>fines comerciales, en cualquier soporte y por cualquier medio t\u00e9cnico, sin la autorizaci\u00f3n de<br \/>www.beveragetrends.es.<br \/>El Usuario se compromete a respetar los derechos de propiedad intelectual e industrial de<br \/>www.beveragetrends.es. Podr\u00e1 visualizar los elementos del Sitio Web o incluso imprimirlos,<br \/>copiarlos y almacenarlos en el disco duro de su ordenador o en cualquier otro soporte f\u00edsico siempre<br \/>y cuando sea, exclusivamente, para su uso personal. El Usuario, sin embargo, no podr\u00e1 suprimir,<br \/>alterar, o manipular cualquier dispositivo de protecci\u00f3n o sistema de seguridad que estuviera<br \/>instalado en el Sitio Web.<br \/>En caso de que el Usuario o tercero considere que cualquiera de los Contenidos del Sitio Web<br \/>suponga una violaci\u00f3n de los derechos de protecci\u00f3n de la propiedad intelectual, deber\u00e1<br \/>comunicarlo inmediatamente a www.beveragetrends.es a trav\u00e9s de los datos de contacto del<br \/>apartado de INFORMACI\u00d3N GENERAL de este Aviso Legal y Condiciones Generales de Uso.<\/p><p>VI. ACCIONES LEGALES, LEGISLACI\u00d3N APLICABLE Y JURISDICCI\u00d3N<br \/>www.beveragetrends.es se reserva la facultad de presentar las acciones civiles o penales que<br \/>considere necesarias por la utilizaci\u00f3n indebida del Sitio Web y Contenidos, o por el<br \/>incumplimiento de las presentes Condiciones.<br \/>La relaci\u00f3n entre el Usuario y www.beveragetrends.es se regir\u00e1 por la normativa vigente y de<br \/>aplicaci\u00f3n en el territorio espa\u00f1ol. De surgir cualquier controversia en relaci\u00f3n con la interpretaci\u00f3n<br \/>y\/o a la aplicaci\u00f3n de estas Condiciones las partes someter\u00e1n sus conflictos a la jurisdicci\u00f3n<br \/>ordinaria someti\u00e9ndose a los jueces y tribunales que correspondan conforme a derecho.<\/p>\t\t\t\t\t\t\t\t<\/div>\n\t\t\t\t<\/div>\n\t\t\t\t\t<\/div>\n\t\t\t\t<\/div>\n\t\t\t\t<\/div>\n\t\t","protected":false},"excerpt":{"rendered":"<p>AVISO LEGAL Y CONDICIONES GENERALES DE USO www.beveragetrends.es I. INFORMACI\u00d3N GENERAL En cumplimiento con el deber de informaci\u00f3n dispuesto en la Ley 34\/2002 de Servicios de la Sociedad de la Informaci\u00f3n y el Comercio Electr\u00f3nico (LSSI-CE) de 11 de julio, se facilitan a continuaci\u00f3n los siguientes datos de informaci\u00f3n general de este sitio web: La [&hellip;]<\/p>\n","protected":false},"author":1,"featured_media":0,"parent":0,"menu_order":0,"comment_status":"closed","ping_status":"closed","template":"","meta":{"_acf_changed":false,"footnotes":""},"class_list":["post-3495","page","type-page","status-publish","hentry"],"acf":[],"yoast_head":"<!-- This site is optimized with the Yoast SEO plugin v24.7 - https:\/\/yoast.com\/wordpress\/plugins\/seo\/ -->\n<title>Aviso legal | Driving Beverage Trends<\/title>\n<meta name=\"robots\" content=\"noindex, follow\" \/>\n<meta property=\"og:locale\" content=\"es_ES\" \/>\n<meta property=\"og:type\" content=\"article\" \/>\n<meta property=\"og:title\" content=\"Aviso legal | Driving Beverage Trends\" \/>\n<meta property=\"og:description\" content=\"AVISO LEGAL Y CONDICIONES GENERALES DE USO www.beveragetrends.es I. INFORMACI\u00d3N GENERAL En cumplimiento con el deber de informaci\u00f3n dispuesto en la Ley 34\/2002 de Servicios de la Sociedad de la Informaci\u00f3n y el Comercio Electr\u00f3nico (LSSI-CE) de 11 de julio, se facilitan a continuaci\u00f3n los siguientes datos de informaci\u00f3n general de este sitio web: La [&hellip;]\" \/>\n<meta property=\"og:url\" content=\"https:\/\/beveragetrends.es\/es\/aviso-legal\/\" \/>\n<meta property=\"og:site_name\" content=\"Driving Beverage Trends\" \/>\n<meta property=\"article:modified_time\" content=\"2025-04-01T15:47:41+00:00\" \/>\n<meta property=\"og:image\" content=\"https:\/\/beveragetrends.es\/wp-content\/uploads\/2025\/02\/Logo-DBT-edit-2.png\" \/>\n\t<meta property=\"og:image:width\" content=\"749\" \/>\n\t<meta property=\"og:image:height\" content=\"332\" \/>\n\t<meta property=\"og:image:type\" content=\"image\/png\" \/>\n<meta name=\"twitter:card\" content=\"summary_large_image\" \/>\n<meta name=\"twitter:label1\" content=\"Tiempo de lectura\" \/>\n\t<meta name=\"twitter:data1\" content=\"9 minutos\" \/>\n<script type=\"application\/ld+json\" class=\"yoast-schema-graph\">{\"@context\":\"https:\/\/schema.org\",\"@graph\":[{\"@type\":\"WebPage\",\"@id\":\"https:\/\/beveragetrends.es\/es\/aviso-legal\/\",\"url\":\"https:\/\/beveragetrends.es\/es\/aviso-legal\/\",\"name\":\"Aviso legal | Driving Beverage Trends\",\"isPartOf\":{\"@id\":\"https:\/\/beveragetrends.es\/es\/#website\"},\"datePublished\":\"2025-02-27T14:44:27+00:00\",\"dateModified\":\"2025-04-01T15:47:41+00:00\",\"breadcrumb\":{\"@id\":\"https:\/\/beveragetrends.es\/es\/aviso-legal\/#breadcrumb\"},\"inLanguage\":\"es\",\"potentialAction\":[{\"@type\":\"ReadAction\",\"target\":[\"https:\/\/beveragetrends.es\/es\/aviso-legal\/\"]}]},{\"@type\":\"BreadcrumbList\",\"@id\":\"https:\/\/beveragetrends.es\/es\/aviso-legal\/#breadcrumb\",\"itemListElement\":[{\"@type\":\"ListItem\",\"position\":1,\"name\":\"Portada\",\"item\":\"https:\/\/beveragetrends.es\/es\/inicio\/\"},{\"@type\":\"ListItem\",\"position\":2,\"name\":\"Aviso legal\"}]},{\"@type\":\"WebSite\",\"@id\":\"https:\/\/beveragetrends.es\/es\/#website\",\"url\":\"https:\/\/beveragetrends.es\/es\/\",\"name\":\"Fiorangelo Calima\",\"description\":\"\",\"publisher\":{\"@id\":\"https:\/\/beveragetrends.es\/es\/#organization\"},\"potentialAction\":[{\"@type\":\"SearchAction\",\"target\":{\"@type\":\"EntryPoint\",\"urlTemplate\":\"https:\/\/beveragetrends.es\/es\/?s={search_term_string}\"},\"query-input\":{\"@type\":\"PropertyValueSpecification\",\"valueRequired\":true,\"valueName\":\"search_term_string\"}}],\"inLanguage\":\"es\"},{\"@type\":\"Organization\",\"@id\":\"https:\/\/beveragetrends.es\/es\/#organization\",\"name\":\"Fiorangelo Calima\",\"url\":\"https:\/\/beveragetrends.es\/es\/\",\"logo\":{\"@type\":\"ImageObject\",\"inLanguage\":\"es\",\"@id\":\"https:\/\/beveragetrends.es\/es\/#\/schema\/logo\/image\/\",\"url\":\"https:\/\/beveragetrends.es\/wp-content\/uploads\/2025\/02\/Logo-DBT-edit.png\",\"contentUrl\":\"https:\/\/beveragetrends.es\/wp-content\/uploads\/2025\/02\/Logo-DBT-edit.png\",\"width\":776,\"height\":332,\"caption\":\"Fiorangelo Calima\"},\"image\":{\"@id\":\"https:\/\/beveragetrends.es\/es\/#\/schema\/logo\/image\/\"}}]}<\/script>\n<!-- \/ Yoast SEO plugin. -->","yoast_head_json":{"title":"Aviso legal | Driving Beverage Trends","robots":{"index":"noindex","follow":"follow"},"og_locale":"es_ES","og_type":"article","og_title":"Aviso legal | Driving Beverage Trends","og_description":"AVISO LEGAL Y CONDICIONES GENERALES DE USO www.beveragetrends.es I. INFORMACI\u00d3N GENERAL En cumplimiento con el deber de informaci\u00f3n dispuesto en la Ley 34\/2002 de Servicios de la Sociedad de la Informaci\u00f3n y el Comercio Electr\u00f3nico (LSSI-CE) de 11 de julio, se facilitan a continuaci\u00f3n los siguientes datos de informaci\u00f3n general de este sitio web: La [&hellip;]","og_url":"https:\/\/beveragetrends.es\/es\/aviso-legal\/","og_site_name":"Driving Beverage Trends","article_modified_time":"2025-04-01T15:47:41+00:00","og_image":[{"width":749,"height":332,"url":"https:\/\/beveragetrends.es\/wp-content\/uploads\/2025\/02\/Logo-DBT-edit-2.png","type":"image\/png"}],"twitter_card":"summary_large_image","twitter_misc":{"Tiempo de lectura":"9 minutos"},"schema":{"@context":"https:\/\/schema.org","@graph":[{"@type":"WebPage","@id":"https:\/\/beveragetrends.es\/es\/aviso-legal\/","url":"https:\/\/beveragetrends.es\/es\/aviso-legal\/","name":"Aviso legal | Driving Beverage Trends","isPartOf":{"@id":"https:\/\/beveragetrends.es\/es\/#website"},"datePublished":"2025-02-27T14:44:27+00:00","dateModified":"2025-04-01T15:47:41+00:00","breadcrumb":{"@id":"https:\/\/beveragetrends.es\/es\/aviso-legal\/#breadcrumb"},"inLanguage":"es","potentialAction":[{"@type":"ReadAction","target":["https:\/\/beveragetrends.es\/es\/aviso-legal\/"]}]},{"@type":"BreadcrumbList","@id":"https:\/\/beveragetrends.es\/es\/aviso-legal\/#breadcrumb","itemListElement":[{"@type":"ListItem","position":1,"name":"Portada","item":"https:\/\/beveragetrends.es\/es\/inicio\/"},{"@type":"ListItem","position":2,"name":"Aviso legal"}]},{"@type":"WebSite","@id":"https:\/\/beveragetrends.es\/es\/#website","url":"https:\/\/beveragetrends.es\/es\/","name":"Fiorangelo Calima","description":"","publisher":{"@id":"https:\/\/beveragetrends.es\/es\/#organization"},"potentialAction":[{"@type":"SearchAction","target":{"@type":"EntryPoint","urlTemplate":"https:\/\/beveragetrends.es\/es\/?s={search_term_string}"},"query-input":{"@type":"PropertyValueSpecification","valueRequired":true,"valueName":"search_term_string"}}],"inLanguage":"es"},{"@type":"Organization","@id":"https:\/\/beveragetrends.es\/es\/#organization","name":"Fiorangelo Calima","url":"https:\/\/beveragetrends.es\/es\/","logo":{"@type":"ImageObject","inLanguage":"es","@id":"https:\/\/beveragetrends.es\/es\/#\/schema\/logo\/image\/","url":"https:\/\/beveragetrends.es\/wp-content\/uploads\/2025\/02\/Logo-DBT-edit.png","contentUrl":"https:\/\/beveragetrends.es\/wp-content\/uploads\/2025\/02\/Logo-DBT-edit.png","width":776,"height":332,"caption":"Fiorangelo Calima"},"image":{"@id":"https:\/\/beveragetrends.es\/es\/#\/schema\/logo\/image\/"}}]}},"_links":{"self":[{"href":"https:\/\/beveragetrends.es\/es\/wp-json\/wp\/v2\/pages\/3495","targetHints":{"allow":["GET"]}}],"collection":[{"href":"https:\/\/beveragetrends.es\/es\/wp-json\/wp\/v2\/pages"}],"about":[{"href":"https:\/\/beveragetrends.es\/es\/wp-json\/wp\/v2\/types\/page"}],"author":[{"embeddable":true,"href":"https:\/\/beveragetrends.es\/es\/wp-json\/wp\/v2\/users\/1"}],"replies":[{"embeddable":true,"href":"https:\/\/beveragetrends.es\/es\/wp-json\/wp\/v2\/comments?post=3495"}],"version-history":[{"count":1,"href":"https:\/\/beveragetrends.es\/es\/wp-json\/wp\/v2\/pages\/3495\/revisions"}],"predecessor-version":[{"id":3510,"href":"https:\/\/beveragetrends.es\/es\/wp-json\/wp\/v2\/pages\/3495\/revisions\/3510"}],"wp:attachment":[{"href":"https:\/\/beveragetrends.es\/es\/wp-json\/wp\/v2\/media?parent=3495"}],"curies":[{"name":"wp","href":"https:\/\/api.w.org\/{rel}","templated":true}]}}