{"id":3503,"date":"2025-02-27T15:22:00","date_gmt":"2025-02-27T15:22:00","guid":{"rendered":"https:\/\/beveragetrends.es\/accessibility-statement\/"},"modified":"2025-04-01T15:41:11","modified_gmt":"2025-04-01T15:41:11","slug":"declaracion-de-accesibilidad","status":"publish","type":"page","link":"https:\/\/beveragetrends.es\/es\/declaracion-de-accesibilidad\/","title":{"rendered":"Declaraci\u00f3n de accesibilidad"},"content":{"rendered":"\t\t<div data-elementor-type=\"wp-page\" data-elementor-id=\"3503\" class=\"elementor elementor-3503 elementor-2748\" data-elementor-post-type=\"page\">\n\t\t\t\t<div class=\"elementor-element elementor-element-78d6852 e-flex e-con-boxed e-con e-parent\" data-id=\"78d6852\" data-element_type=\"container\">\n\t\t\t\t\t<div class=\"e-con-inner\">\n\t\t\t\t<div class=\"elementor-element elementor-element-1f9bfd8 elementor-widget elementor-widget-text-editor\" data-id=\"1f9bfd8\" data-element_type=\"widget\" data-widget_type=\"text-editor.default\">\n\t\t\t\t<div class=\"elementor-widget-container\">\n\t\t\t\t\t\t\t\t\t<p>FIORANGELO CALIMA se compromete a hacer accesible <strong>acuerdo con el Real Decreto 1112\/2018, de 7 de septiembre, sobre la accesibilidad de los sitios web y aplicaciones del sector p\u00fablico para dispositivos m\u00f3viles.<\/strong><\/p><p>\u00a0<\/p><p><strong>La presente declaraci\u00f3n de accesibilidad es de aplicaci\u00f3n al sitio web <a href=\"https:\/\/beveragetrends.es\/\">https:\/\/beveragetrends.es\/<\/a>.<\/strong><\/p><p>\u00a0<\/p><p>La presente declaraci\u00f3n fue preparada el 12\/03\/2025.<\/p><p>\u00a0<\/p><p>El m\u00e9todo empleado para preparar la declaraci\u00f3n ha sido una autoevaluaci\u00f3n llevada a cabo por el propio organismo.<\/p><p>\u00daltima revisi\u00f3n de la declaraci\u00f3n: 12\/03\/2025.<\/p>\t\t\t\t\t\t\t\t<\/div>\n\t\t\t\t<\/div>\n\t\t\t\t\t<\/div>\n\t\t\t\t<\/div>\n\t\t\t\t<\/div>\n\t\t","protected":false},"excerpt":{"rendered":"<p>FIORANGELO CALIMA se compromete a hacer accesible acuerdo con el Real Decreto 1112\/2018, de 7 de septiembre, sobre la accesibilidad de los sitios web y aplicaciones del sector p\u00fablico para dispositivos m\u00f3viles. La presente declaraci\u00f3n de accesibilidad es de aplicaci\u00f3n al sitio web https:\/\/beveragetrends.es\/. La presente declaraci\u00f3n fue preparada el 12\/03\/2025. El m\u00e9todo empleado para [&hellip;]<\/p>\n","protected":false},"author":1,"featured_media":0,"parent":0,"menu_order":0,"comment_status":"closed","ping_status":"closed","template":"","meta":{"_acf_changed":false,"footnotes":""},"class_list":["post-3503","page","type-page","status-publish","hentry"],"acf":[],"yoast_head":"<!-- This site is optimized with the Yoast SEO plugin v24.7 - https:\/\/yoast.com\/wordpress\/plugins\/seo\/ -->\n<title>Declaraci\u00f3n de accesibilidad | Driving Beverage Trends<\/title>\n<meta name=\"robots\" content=\"noindex, follow\" \/>\n<meta property=\"og:locale\" content=\"es_ES\" \/>\n<meta property=\"og:type\" content=\"article\" \/>\n<meta property=\"og:title\" content=\"Declaraci\u00f3n de accesibilidad | Driving Beverage Trends\" \/>\n<meta property=\"og:description\" content=\"FIORANGELO CALIMA se compromete a hacer accesible acuerdo con el Real Decreto 1112\/2018, de 7 de septiembre, sobre la accesibilidad de los sitios web y aplicaciones del sector p\u00fablico para dispositivos m\u00f3viles. La presente declaraci\u00f3n de accesibilidad es de aplicaci\u00f3n al sitio web https:\/\/beveragetrends.es\/. La presente declaraci\u00f3n fue preparada el 12\/03\/2025. El m\u00e9todo empleado para [&hellip;]\" \/>\n<meta property=\"og:url\" content=\"https:\/\/beveragetrends.es\/es\/declaracion-de-accesibilidad\/\" \/>\n<meta property=\"og:site_name\" content=\"Driving Beverage Trends\" \/>\n<meta property=\"article:modified_time\" content=\"2025-04-01T15:41:11+00:00\" \/>\n<meta property=\"og:image\" content=\"https:\/\/beveragetrends.es\/wp-content\/uploads\/2025\/02\/Logo-DBT-edit-2.png\" \/>\n\t<meta property=\"og:image:width\" content=\"749\" \/>\n\t<meta property=\"og:image:height\" content=\"332\" \/>\n\t<meta property=\"og:image:type\" content=\"image\/png\" \/>\n<meta name=\"twitter:card\" content=\"summary_large_image\" \/>\n<meta name=\"twitter:label1\" content=\"Tiempo de lectura\" \/>\n\t<meta name=\"twitter:data1\" content=\"1 minuto\" \/>\n<script type=\"application\/ld+json\" class=\"yoast-schema-graph\">{\"@context\":\"https:\/\/schema.org\",\"@graph\":[{\"@type\":\"WebPage\",\"@id\":\"https:\/\/beveragetrends.es\/es\/declaracion-de-accesibilidad\/\",\"url\":\"https:\/\/beveragetrends.es\/es\/declaracion-de-accesibilidad\/\",\"name\":\"Declaraci\u00f3n de accesibilidad | Driving Beverage Trends\",\"isPartOf\":{\"@id\":\"https:\/\/beveragetrends.es\/es\/#website\"},\"datePublished\":\"2025-02-27T15:22:00+00:00\",\"dateModified\":\"2025-04-01T15:41:11+00:00\",\"breadcrumb\":{\"@id\":\"https:\/\/beveragetrends.es\/es\/declaracion-de-accesibilidad\/#breadcrumb\"},\"inLanguage\":\"es\",\"potentialAction\":[{\"@type\":\"ReadAction\",\"target\":[\"https:\/\/beveragetrends.es\/es\/declaracion-de-accesibilidad\/\"]}]},{\"@type\":\"BreadcrumbList\",\"@id\":\"https:\/\/beveragetrends.es\/es\/declaracion-de-accesibilidad\/#breadcrumb\",\"itemListElement\":[{\"@type\":\"ListItem\",\"position\":1,\"name\":\"Portada\",\"item\":\"https:\/\/beveragetrends.es\/es\/inicio\/\"},{\"@type\":\"ListItem\",\"position\":2,\"name\":\"Declaraci\u00f3n de accesibilidad\"}]},{\"@type\":\"WebSite\",\"@id\":\"https:\/\/beveragetrends.es\/es\/#website\",\"url\":\"https:\/\/beveragetrends.es\/es\/\",\"name\":\"Fiorangelo Calima\",\"description\":\"\",\"publisher\":{\"@id\":\"https:\/\/beveragetrends.es\/es\/#organization\"},\"potentialAction\":[{\"@type\":\"SearchAction\",\"target\":{\"@type\":\"EntryPoint\",\"urlTemplate\":\"https:\/\/beveragetrends.es\/es\/?s={search_term_string}\"},\"query-input\":{\"@type\":\"PropertyValueSpecification\",\"valueRequired\":true,\"valueName\":\"search_term_string\"}}],\"inLanguage\":\"es\"},{\"@type\":\"Organization\",\"@id\":\"https:\/\/beveragetrends.es\/es\/#organization\",\"name\":\"Fiorangelo Calima\",\"url\":\"https:\/\/beveragetrends.es\/es\/\",\"logo\":{\"@type\":\"ImageObject\",\"inLanguage\":\"es\",\"@id\":\"https:\/\/beveragetrends.es\/es\/#\/schema\/logo\/image\/\",\"url\":\"https:\/\/beveragetrends.es\/wp-content\/uploads\/2025\/02\/Logo-DBT-edit.png\",\"contentUrl\":\"https:\/\/beveragetrends.es\/wp-content\/uploads\/2025\/02\/Logo-DBT-edit.png\",\"width\":776,\"height\":332,\"caption\":\"Fiorangelo Calima\"},\"image\":{\"@id\":\"https:\/\/beveragetrends.es\/es\/#\/schema\/logo\/image\/\"}}]}<\/script>\n<!-- \/ Yoast SEO plugin. -->","yoast_head_json":{"title":"Declaraci\u00f3n de accesibilidad | Driving Beverage Trends","robots":{"index":"noindex","follow":"follow"},"og_locale":"es_ES","og_type":"article","og_title":"Declaraci\u00f3n de accesibilidad | Driving Beverage Trends","og_description":"FIORANGELO CALIMA se compromete a hacer accesible acuerdo con el Real Decreto 1112\/2018, de 7 de septiembre, sobre la accesibilidad de los sitios web y aplicaciones del sector p\u00fablico para dispositivos m\u00f3viles. La presente declaraci\u00f3n de accesibilidad es de aplicaci\u00f3n al sitio web https:\/\/beveragetrends.es\/. La presente declaraci\u00f3n fue preparada el 12\/03\/2025. El m\u00e9todo empleado para [&hellip;]","og_url":"https:\/\/beveragetrends.es\/es\/declaracion-de-accesibilidad\/","og_site_name":"Driving Beverage Trends","article_modified_time":"2025-04-01T15:41:11+00:00","og_image":[{"width":749,"height":332,"url":"https:\/\/beveragetrends.es\/wp-content\/uploads\/2025\/02\/Logo-DBT-edit-2.png","type":"image\/png"}],"twitter_card":"summary_large_image","twitter_misc":{"Tiempo de lectura":"1 minuto"},"schema":{"@context":"https:\/\/schema.org","@graph":[{"@type":"WebPage","@id":"https:\/\/beveragetrends.es\/es\/declaracion-de-accesibilidad\/","url":"https:\/\/beveragetrends.es\/es\/declaracion-de-accesibilidad\/","name":"Declaraci\u00f3n de accesibilidad | Driving Beverage Trends","isPartOf":{"@id":"https:\/\/beveragetrends.es\/es\/#website"},"datePublished":"2025-02-27T15:22:00+00:00","dateModified":"2025-04-01T15:41:11+00:00","breadcrumb":{"@id":"https:\/\/beveragetrends.es\/es\/declaracion-de-accesibilidad\/#breadcrumb"},"inLanguage":"es","potentialAction":[{"@type":"ReadAction","target":["https:\/\/beveragetrends.es\/es\/declaracion-de-accesibilidad\/"]}]},{"@type":"BreadcrumbList","@id":"https:\/\/beveragetrends.es\/es\/declaracion-de-accesibilidad\/#breadcrumb","itemListElement":[{"@type":"ListItem","position":1,"name":"Portada","item":"https:\/\/beveragetrends.es\/es\/inicio\/"},{"@type":"ListItem","position":2,"name":"Declaraci\u00f3n de accesibilidad"}]},{"@type":"WebSite","@id":"https:\/\/beveragetrends.es\/es\/#website","url":"https:\/\/beveragetrends.es\/es\/","name":"Fiorangelo Calima","description":"","publisher":{"@id":"https:\/\/beveragetrends.es\/es\/#organization"},"potentialAction":[{"@type":"SearchAction","target":{"@type":"EntryPoint","urlTemplate":"https:\/\/beveragetrends.es\/es\/?s={search_term_string}"},"query-input":{"@type":"PropertyValueSpecification","valueRequired":true,"valueName":"search_term_string"}}],"inLanguage":"es"},{"@type":"Organization","@id":"https:\/\/beveragetrends.es\/es\/#organization","name":"Fiorangelo Calima","url":"https:\/\/beveragetrends.es\/es\/","logo":{"@type":"ImageObject","inLanguage":"es","@id":"https:\/\/beveragetrends.es\/es\/#\/schema\/logo\/image\/","url":"https:\/\/beveragetrends.es\/wp-content\/uploads\/2025\/02\/Logo-DBT-edit.png","contentUrl":"https:\/\/beveragetrends.es\/wp-content\/uploads\/2025\/02\/Logo-DBT-edit.png","width":776,"height":332,"caption":"Fiorangelo Calima"},"image":{"@id":"https:\/\/beveragetrends.es\/es\/#\/schema\/logo\/image\/"}}]}},"_links":{"self":[{"href":"https:\/\/beveragetrends.es\/es\/wp-json\/wp\/v2\/pages\/3503","targetHints":{"allow":["GET"]}}],"collection":[{"href":"https:\/\/beveragetrends.es\/es\/wp-json\/wp\/v2\/pages"}],"about":[{"href":"https:\/\/beveragetrends.es\/es\/wp-json\/wp\/v2\/types\/page"}],"author":[{"embeddable":true,"href":"https:\/\/beveragetrends.es\/es\/wp-json\/wp\/v2\/users\/1"}],"replies":[{"embeddable":true,"href":"https:\/\/beveragetrends.es\/es\/wp-json\/wp\/v2\/comments?post=3503"}],"version-history":[{"count":1,"href":"https:\/\/beveragetrends.es\/es\/wp-json\/wp\/v2\/pages\/3503\/revisions"}],"predecessor-version":[{"id":3505,"href":"https:\/\/beveragetrends.es\/es\/wp-json\/wp\/v2\/pages\/3503\/revisions\/3505"}],"wp:attachment":[{"href":"https:\/\/beveragetrends.es\/es\/wp-json\/wp\/v2\/media?parent=3503"}],"curies":[{"name":"wp","href":"https:\/\/api.w.org\/{rel}","templated":true}]}}