{"id":3721,"date":"2025-08-12T14:24:38","date_gmt":"2025-08-12T14:24:38","guid":{"rendered":"https:\/\/beveragetrends.es\/marcas\/"},"modified":"2025-08-26T15:11:27","modified_gmt":"2025-08-26T15:11:27","slug":"marcas","status":"publish","type":"page","link":"https:\/\/beveragetrends.es\/es\/marcas\/","title":{"rendered":"Marcas"},"content":{"rendered":"\t\t<div data-elementor-type=\"wp-page\" data-elementor-id=\"3721\" class=\"elementor elementor-3721 elementor-3555\" data-elementor-post-type=\"page\">\n\t\t\t\t<div class=\"elementor-element elementor-element-8fb0256 e-flex e-con-boxed e-con e-parent\" data-id=\"8fb0256\" data-element_type=\"container\">\n\t\t\t\t\t<div class=\"e-con-inner\">\n\t\t\t\t<div class=\"elementor-element elementor-element-97256d8 elementor-widget elementor-widget-heading\" data-id=\"97256d8\" data-element_type=\"widget\" data-widget_type=\"heading.default\">\n\t\t\t\t<div class=\"elementor-widget-container\">\n\t\t\t\t\t<h3 class=\"elementor-heading-title elementor-size-default\">Marcas que redefinen lo que bebemos<\/h3>\t\t\t\t<\/div>\n\t\t\t\t<\/div>\n\t\t\t\t<div class=\"elementor-element elementor-element-266211d elementor-widget elementor-widget-text-editor\" data-id=\"266211d\" data-element_type=\"widget\" data-widget_type=\"text-editor.default\">\n\t\t\t\t<div class=\"elementor-widget-container\">\n\t\t\t\t\t\t\t\t\t<p>Desde shots funcionales hasta sabores atrevidos y favoritos cotidianos: descubre a los creadores detr\u00e1s de las innovaciones m\u00e1s emocionantes en el mundo de las bebidas, en todas sus categor\u00edas.<\/p>\t\t\t\t\t\t\t\t<\/div>\n\t\t\t\t<\/div>\n\t\t\t\t\t<\/div>\n\t\t\t\t<\/div>\n\t\t<div class=\"elementor-element elementor-element-e058bef e-con-full e-flex e-con e-parent\" data-id=\"e058bef\" data-element_type=\"container\">\n\t\t<div class=\"elementor-element elementor-element-45fcb48 e-flex e-con-boxed e-con e-child\" data-id=\"45fcb48\" data-element_type=\"container\">\n\t\t\t\t\t<div class=\"e-con-inner\">\n\t\t\t\t<div class=\"elementor-element elementor-element-f0c67d6 elementor-widget elementor-widget-reston_brands_grid\" data-id=\"f0c67d6\" data-element_type=\"widget\" data-widget_type=\"reston_brands_grid.default\">\n\t\t\t\t<div class=\"elementor-widget-container\">\n\t\t\t\t\t    \n\t\n\t<!-- service-style-two -->\n\t<section class=\"service-style-two\">\n\n\t\t<div class=\"row clearfix\">\n\n\t\t\t\n\t\t\t<div class=\"col-lg-4 col-md-6 col-sm-12 service-block\">\n\t\t\t\t<div class=\"service-block-two\">\n\t\t\t\t\t<div class=\"inner-box\">\n\t\t\t\t\t\t<a href=\"https:\/\/beveragetrends.es\/es\/brands\/nomuss\/\">\n\t\t\t\t\t\t\t<figure class=\"image-box\"><img fetchpriority=\"high\" decoding=\"async\" width=\"453\" height=\"590\" src=\"https:\/\/beveragetrends.es\/wp-content\/uploads\/2026\/03\/1-453x590.jpg\" class=\"attachment-reston_453x590 size-reston_453x590 wp-post-image\" alt=\"\" \/><\/figure>\n\t\t\t\t\t\t<\/a>\n\t\t\t\t\t\t<div class=\"lower-content\">\n\t\t\t\t\t\t\t<h3><a class=\"has-ele-title\" href=\"https:\/\/beveragetrends.es\/es\/brands\/nomuss\/\">NOMUSS<\/a><\/h3>\n\t\t\t\t\t\t\t<p class=\"has-ele-text\">TU BASE SIN ALCOHOL PARA C\u00d3CTELES, MOCKTAIL, SPRITZ Y LIMONADAS. Con nuestra receta premium y vegana, los bares ahorran tiempo y dinero y los consumidores&hellip;<\/p>\t\t\t\t\t\t\n\t\t\t\t\t\t<\/div>\n\t\t\t\t\t<\/div>\n\t\t\t\t<\/div>\n\t\t\t<\/div>\n\t\t\t\n\t\t\t<div class=\"col-lg-4 col-md-6 col-sm-12 service-block\">\n\t\t\t\t<div class=\"service-block-two\">\n\t\t\t\t\t<div class=\"inner-box\">\n\t\t\t\t\t\t<a href=\"https:\/\/beveragetrends.es\/es\/brands\/selva-negra\/\">\n\t\t\t\t\t\t\t<figure class=\"image-box\"><img decoding=\"async\" width=\"453\" height=\"590\" src=\"https:\/\/beveragetrends.es\/wp-content\/uploads\/2025\/08\/b6JK1JKA-453x590.jpeg\" class=\"attachment-reston_453x590 size-reston_453x590 wp-post-image\" alt=\"\" \/><\/figure>\n\t\t\t\t\t\t<\/a>\n\t\t\t\t\t\t<div class=\"lower-content\">\n\t\t\t\t\t\t\t<h3><a class=\"has-ele-title\" href=\"https:\/\/beveragetrends.es\/es\/brands\/selva-negra\/\">Selva Negra<\/a><\/h3>\n\t\t\t\t\t\t\t<p class=\"has-ele-text\">Si has o\u00eddo hablar de SELVA NEGRA y te preguntas por qu\u00e9 todo el mundo habla de tequila de la Selva Negra, aqu\u00ed descubrir\u00e1s las&hellip;<\/p>\t\t\t\t\t\t\n\t\t\t\t\t\t<\/div>\n\t\t\t\t\t<\/div>\n\t\t\t\t<\/div>\n\t\t\t<\/div>\n\t\t\t\n\t\t\t<div class=\"col-lg-4 col-md-6 col-sm-12 service-block\">\n\t\t\t\t<div class=\"service-block-two\">\n\t\t\t\t\t<div class=\"inner-box\">\n\t\t\t\t\t\t<a href=\"https:\/\/beveragetrends.es\/es\/brands\/montelvini\/\">\n\t\t\t\t\t\t\t<figure class=\"image-box\"><img decoding=\"async\" width=\"453\" height=\"590\" src=\"https:\/\/beveragetrends.es\/wp-content\/uploads\/2025\/08\/montelvini_11.jpg-453x590.webp\" class=\"attachment-reston_453x590 size-reston_453x590 wp-post-image\" alt=\"\" \/><\/figure>\n\t\t\t\t\t\t<\/a>\n\t\t\t\t\t\t<div class=\"lower-content\">\n\t\t\t\t\t\t\t<h3><a class=\"has-ele-title\" href=\"https:\/\/beveragetrends.es\/es\/brands\/montelvini\/\">Montelvini<\/a><\/h3>\n\t\t\t\t\t\t\t<p class=\"has-ele-text\">Montelvini representa una expresi\u00f3n elevada del prosecco, el vino italiano m\u00e1s vendido en el mundo, y busca emocionar a quienes eligen su vino transformando el&hellip;<\/p>\t\t\t\t\t\t\n\t\t\t\t\t\t<\/div>\n\t\t\t\t\t<\/div>\n\t\t\t\t<\/div>\n\t\t\t<\/div>\n\t\t\t\n\t\t\t<div class=\"col-lg-4 col-md-6 col-sm-12 service-block\">\n\t\t\t\t<div class=\"service-block-two\">\n\t\t\t\t\t<div class=\"inner-box\">\n\t\t\t\t\t\t<a href=\"https:\/\/beveragetrends.es\/es\/brands\/chill-spritz\/\">\n\t\t\t\t\t\t\t<figure class=\"image-box\"><img loading=\"lazy\" decoding=\"async\" width=\"390\" height=\"508\" src=\"https:\/\/beveragetrends.es\/wp-content\/uploads\/2025\/08\/chill-spritz.webp\" class=\"attachment-reston_453x590 size-reston_453x590 wp-post-image\" alt=\"\" srcset=\"https:\/\/beveragetrends.es\/wp-content\/uploads\/2025\/08\/chill-spritz.webp 390w, https:\/\/beveragetrends.es\/wp-content\/uploads\/2025\/08\/chill-spritz-230x300.webp 230w\" sizes=\"(max-width: 390px) 100vw, 390px\" \/><\/figure>\n\t\t\t\t\t\t<\/a>\n\t\t\t\t\t\t<div class=\"lower-content\">\n\t\t\t\t\t\t\t<h3><a class=\"has-ele-title\" href=\"https:\/\/beveragetrends.es\/es\/brands\/chill-spritz\/\">Chill Spritz<\/a><\/h3>\n\t\t\t\t\t\t\t<p class=\"has-ele-text\">Una bebida nootr\u00f3pica sin alcohol, sin calor\u00edas y sin az\u00facar, dise\u00f1ada para ofrecer relajaci\u00f3n instant\u00e1nea y claridad mental.<\/p>\t\t\t\t\t\t\n\t\t\t\t\t\t<\/div>\n\t\t\t\t\t<\/div>\n\t\t\t\t<\/div>\n\t\t\t<\/div>\n\t\t\t\n\t\t\t<div class=\"col-lg-4 col-md-6 col-sm-12 service-block\">\n\t\t\t\t<div class=\"service-block-two\">\n\t\t\t\t\t<div class=\"inner-box\">\n\t\t\t\t\t\t<a href=\"https:\/\/beveragetrends.es\/es\/brands\/cannumo\/\">\n\t\t\t\t\t\t\t<figure class=\"image-box\"><img loading=\"lazy\" decoding=\"async\" width=\"453\" height=\"590\" src=\"https:\/\/beveragetrends.es\/wp-content\/uploads\/2025\/08\/6R3A81132-copy-4-1-453x590.jpg\" class=\"attachment-reston_453x590 size-reston_453x590 wp-post-image\" alt=\"\" \/><\/figure>\n\t\t\t\t\t\t<\/a>\n\t\t\t\t\t\t<div class=\"lower-content\">\n\t\t\t\t\t\t\t<h3><a class=\"has-ele-title\" href=\"https:\/\/beveragetrends.es\/es\/brands\/cannumo\/\">Cannumo<\/a><\/h3>\n\t\t\t\t\t\t\t<p class=\"has-ele-text\">Goodie es un shot probi\u00f3tico funcional. El primer en Europa con el mayor volumen de probi\u00f3ticos naturales del mercado.<\/p>\t\t\t\t\t\t\n\t\t\t\t\t\t<\/div>\n\t\t\t\t\t<\/div>\n\t\t\t\t<\/div>\n\t\t\t<\/div>\n\t\t\t\n\t\t\t<div class=\"col-lg-4 col-md-6 col-sm-12 service-block\">\n\t\t\t\t<div class=\"service-block-two\">\n\t\t\t\t\t<div class=\"inner-box\">\n\t\t\t\t\t\t<a href=\"https:\/\/beveragetrends.es\/es\/brands\/neue\/\">\n\t\t\t\t\t\t\t<figure class=\"image-box\"><img loading=\"lazy\" decoding=\"async\" width=\"390\" height=\"508\" src=\"https:\/\/beveragetrends.es\/wp-content\/uploads\/2025\/08\/neue.webp\" class=\"attachment-reston_453x590 size-reston_453x590 wp-post-image\" alt=\"\" srcset=\"https:\/\/beveragetrends.es\/wp-content\/uploads\/2025\/08\/neue.webp 390w, https:\/\/beveragetrends.es\/wp-content\/uploads\/2025\/08\/neue-230x300.webp 230w\" sizes=\"(max-width: 390px) 100vw, 390px\" \/><\/figure>\n\t\t\t\t\t\t<\/a>\n\t\t\t\t\t\t<div class=\"lower-content\">\n\t\t\t\t\t\t\t<h3><a class=\"has-ele-title\" href=\"https:\/\/beveragetrends.es\/es\/brands\/neue\/\">Neue<\/a><\/h3>\n\t\t\t\t\t\t\t<p class=\"has-ele-text\">Un producto hermoso. Creado para complementar tu estilo. Hemos colaborado con artistas para dise\u00f1ar una gama de etiquetas en edici\u00f3n limitada que seguir\u00e1n cambiando con&hellip;<\/p>\t\t\t\t\t\t\n\t\t\t\t\t\t<\/div>\n\t\t\t\t\t<\/div>\n\t\t\t\t<\/div>\n\t\t\t<\/div>\n\t\t\t\n\t\t\t<div class=\"col-lg-4 col-md-6 col-sm-12 service-block\">\n\t\t\t\t<div class=\"service-block-two\">\n\t\t\t\t\t<div class=\"inner-box\">\n\t\t\t\t\t\t<a href=\"https:\/\/beveragetrends.es\/es\/brands\/santa-catarina\/\">\n\t\t\t\t\t\t\t<figure class=\"image-box\"><img loading=\"lazy\" decoding=\"async\" width=\"453\" height=\"590\" src=\"https:\/\/beveragetrends.es\/wp-content\/uploads\/2025\/08\/santa-catalina-bodega-453x590.webp\" class=\"attachment-reston_453x590 size-reston_453x590 wp-post-image\" alt=\"\" \/><\/figure>\n\t\t\t\t\t\t<\/a>\n\t\t\t\t\t\t<div class=\"lower-content\">\n\t\t\t\t\t\t\t<h3><a class=\"has-ele-title\" href=\"https:\/\/beveragetrends.es\/es\/brands\/santa-catarina\/\">Santa Catarina<\/a><\/h3>\n\t\t\t\t\t\t\t<p class=\"has-ele-text\">El clima mediterr\u00e1neo, la altitud sobre el nivel del mar, las brisas marinas, las caracter\u00edsticas espec\u00edficas del terroir y los altos niveles de insolaci\u00f3n son&hellip;<\/p>\t\t\t\t\t\t\n\t\t\t\t\t\t<\/div>\n\t\t\t\t\t<\/div>\n\t\t\t\t<\/div>\n\t\t\t<\/div>\n\t\t\t\t\t<\/div>\n\n\t<\/section>\n        <!-- service-style-two end -->\n\n    \t\t\t\t<\/div>\n\t\t\t\t<\/div>\n\t\t\t\t\t<\/div>\n\t\t\t\t<\/div>\n\t\t\t\t<\/div>\n\t\t<div class=\"elementor-element elementor-element-ad5fb44 e-con-full e-flex e-con e-parent\" data-id=\"ad5fb44\" data-element_type=\"container\" data-settings=\"{&quot;background_background&quot;:&quot;classic&quot;}\">\n\t\t<div class=\"elementor-element elementor-element-f533c9b e-flex e-con-boxed e-con e-child\" data-id=\"f533c9b\" data-element_type=\"container\">\n\t\t\t\t\t<div class=\"e-con-inner\">\n\t\t\t\t<div class=\"elementor-element elementor-element-a2a4a7f elementor-widget elementor-widget-reston_hero_title\" data-id=\"a2a4a7f\" data-element_type=\"widget\" data-widget_type=\"reston_hero_title.default\">\n\t\t\t\t<div class=\"elementor-widget-container\">\n\t\t\t\t\t\r\n\t    \r\n    <div class=\"sec-title light te-box-title\">\r\n\t\t\r\n\t\t\t\t\t\t\t<h2 class=\"te-title reston-size-default\">Conectando marcas con su audiencia ideal<\/h2>\t\t\t\t\t\t\t<div class=\"normal__text\">\r\n\t\t\t\t<p>Ayudamos a las marcas a encontrar su camino hacia el mercado identificando tendencias, creando oportunidades y fomentando el crecimiento a trav\u00e9s de un posicionamiento estrat\u00e9gico.<\/p>\r\n\t\t\t<\/div>\r\n\t\t\t<\/div>\r\n\r\n\t    \r\n    \t\t\t\t<\/div>\n\t\t\t\t<\/div>\n\t\t\t\t\t<\/div>\n\t\t\t\t<\/div>\n\t\t\t\t<\/div>\n\t\t\t\t<\/div>\n\t\t","protected":false},"excerpt":{"rendered":"<p>Marcas que redefinen lo que bebemos Desde shots funcionales hasta sabores atrevidos y favoritos cotidianos: descubre a los creadores detr\u00e1s de las innovaciones m\u00e1s emocionantes en el mundo de las bebidas, en todas sus categor\u00edas. &nbsp; Selva Negra If you&#8217;ve heard of us and are wondering why everyone talks about tequila from the Black Forest, [&hellip;]<\/p>\n","protected":false},"author":1,"featured_media":0,"parent":0,"menu_order":0,"comment_status":"closed","ping_status":"closed","template":"tpl-default-elementor.php","meta":{"_acf_changed":false,"footnotes":""},"class_list":["post-3721","page","type-page","status-publish","hentry"],"acf":[],"yoast_head":"<!-- This site is optimized with the Yoast SEO plugin v24.7 - https:\/\/yoast.com\/wordpress\/plugins\/seo\/ -->\n<title>Marcas | Driving Beverage Trends<\/title>\n<meta name=\"robots\" content=\"index, follow, max-snippet:-1, max-image-preview:large, max-video-preview:-1\" \/>\n<link rel=\"canonical\" href=\"https:\/\/beveragetrends.es\/es\/marcas\/\" \/>\n<meta property=\"og:locale\" content=\"es_ES\" \/>\n<meta property=\"og:type\" content=\"article\" \/>\n<meta property=\"og:title\" content=\"Marcas | Driving Beverage Trends\" \/>\n<meta property=\"og:description\" content=\"Marcas que redefinen lo que bebemos Desde shots funcionales hasta sabores atrevidos y favoritos cotidianos: descubre a los creadores detr\u00e1s de las innovaciones m\u00e1s emocionantes en el mundo de las bebidas, en todas sus categor\u00edas. &nbsp; Selva Negra If you&#8217;ve heard of us and are wondering why everyone talks about tequila from the Black Forest, [&hellip;]\" \/>\n<meta property=\"og:url\" content=\"https:\/\/beveragetrends.es\/es\/marcas\/\" \/>\n<meta property=\"og:site_name\" content=\"Driving Beverage Trends\" \/>\n<meta property=\"article:modified_time\" content=\"2025-08-26T15:11:27+00:00\" \/>\n<meta property=\"og:image\" content=\"https:\/\/beveragetrends.es\/wp-content\/uploads\/2025\/08\/b6JK1JKA-453x590.jpeg\" \/>\n<meta name=\"twitter:card\" content=\"summary_large_image\" \/>\n<meta name=\"twitter:label1\" content=\"Tiempo de lectura\" \/>\n\t<meta name=\"twitter:data1\" content=\"3 minutos\" \/>\n<script type=\"application\/ld+json\" class=\"yoast-schema-graph\">{\"@context\":\"https:\/\/schema.org\",\"@graph\":[{\"@type\":\"WebPage\",\"@id\":\"https:\/\/beveragetrends.es\/es\/marcas\/\",\"url\":\"https:\/\/beveragetrends.es\/es\/marcas\/\",\"name\":\"Marcas | Driving Beverage Trends\",\"isPartOf\":{\"@id\":\"https:\/\/beveragetrends.es\/es\/#website\"},\"primaryImageOfPage\":{\"@id\":\"https:\/\/beveragetrends.es\/es\/marcas\/#primaryimage\"},\"image\":{\"@id\":\"https:\/\/beveragetrends.es\/es\/marcas\/#primaryimage\"},\"thumbnailUrl\":\"https:\/\/beveragetrends.es\/wp-content\/uploads\/2025\/08\/b6JK1JKA-453x590.jpeg\",\"datePublished\":\"2025-08-12T14:24:38+00:00\",\"dateModified\":\"2025-08-26T15:11:27+00:00\",\"breadcrumb\":{\"@id\":\"https:\/\/beveragetrends.es\/es\/marcas\/#breadcrumb\"},\"inLanguage\":\"es\",\"potentialAction\":[{\"@type\":\"ReadAction\",\"target\":[\"https:\/\/beveragetrends.es\/es\/marcas\/\"]}]},{\"@type\":\"ImageObject\",\"inLanguage\":\"es\",\"@id\":\"https:\/\/beveragetrends.es\/es\/marcas\/#primaryimage\",\"url\":\"https:\/\/beveragetrends.es\/wp-content\/uploads\/2025\/08\/b6JK1JKA-453x590.jpeg\",\"contentUrl\":\"https:\/\/beveragetrends.es\/wp-content\/uploads\/2025\/08\/b6JK1JKA-453x590.jpeg\"},{\"@type\":\"BreadcrumbList\",\"@id\":\"https:\/\/beveragetrends.es\/es\/marcas\/#breadcrumb\",\"itemListElement\":[{\"@type\":\"ListItem\",\"position\":1,\"name\":\"Portada\",\"item\":\"https:\/\/beveragetrends.es\/es\/inicio\/\"},{\"@type\":\"ListItem\",\"position\":2,\"name\":\"Marcas\"}]},{\"@type\":\"WebSite\",\"@id\":\"https:\/\/beveragetrends.es\/es\/#website\",\"url\":\"https:\/\/beveragetrends.es\/es\/\",\"name\":\"Fiorangelo Calima\",\"description\":\"\",\"publisher\":{\"@id\":\"https:\/\/beveragetrends.es\/es\/#organization\"},\"potentialAction\":[{\"@type\":\"SearchAction\",\"target\":{\"@type\":\"EntryPoint\",\"urlTemplate\":\"https:\/\/beveragetrends.es\/es\/?s={search_term_string}\"},\"query-input\":{\"@type\":\"PropertyValueSpecification\",\"valueRequired\":true,\"valueName\":\"search_term_string\"}}],\"inLanguage\":\"es\"},{\"@type\":\"Organization\",\"@id\":\"https:\/\/beveragetrends.es\/es\/#organization\",\"name\":\"Fiorangelo Calima\",\"url\":\"https:\/\/beveragetrends.es\/es\/\",\"logo\":{\"@type\":\"ImageObject\",\"inLanguage\":\"es\",\"@id\":\"https:\/\/beveragetrends.es\/es\/#\/schema\/logo\/image\/\",\"url\":\"https:\/\/beveragetrends.es\/wp-content\/uploads\/2025\/02\/Logo-DBT-edit.png\",\"contentUrl\":\"https:\/\/beveragetrends.es\/wp-content\/uploads\/2025\/02\/Logo-DBT-edit.png\",\"width\":776,\"height\":332,\"caption\":\"Fiorangelo Calima\"},\"image\":{\"@id\":\"https:\/\/beveragetrends.es\/es\/#\/schema\/logo\/image\/\"}}]}<\/script>\n<!-- \/ Yoast SEO plugin. -->","yoast_head_json":{"title":"Marcas | Driving Beverage Trends","robots":{"index":"index","follow":"follow","max-snippet":"max-snippet:-1","max-image-preview":"max-image-preview:large","max-video-preview":"max-video-preview:-1"},"canonical":"https:\/\/beveragetrends.es\/es\/marcas\/","og_locale":"es_ES","og_type":"article","og_title":"Marcas | Driving Beverage Trends","og_description":"Marcas que redefinen lo que bebemos Desde shots funcionales hasta sabores atrevidos y favoritos cotidianos: descubre a los creadores detr\u00e1s de las innovaciones m\u00e1s emocionantes en el mundo de las bebidas, en todas sus categor\u00edas. &nbsp; Selva Negra If you&#8217;ve heard of us and are wondering why everyone talks about tequila from the Black Forest, [&hellip;]","og_url":"https:\/\/beveragetrends.es\/es\/marcas\/","og_site_name":"Driving Beverage Trends","article_modified_time":"2025-08-26T15:11:27+00:00","og_image":[{"url":"https:\/\/beveragetrends.es\/wp-content\/uploads\/2025\/08\/b6JK1JKA-453x590.jpeg","type":"","width":"","height":""}],"twitter_card":"summary_large_image","twitter_misc":{"Tiempo de lectura":"3 minutos"},"schema":{"@context":"https:\/\/schema.org","@graph":[{"@type":"WebPage","@id":"https:\/\/beveragetrends.es\/es\/marcas\/","url":"https:\/\/beveragetrends.es\/es\/marcas\/","name":"Marcas | Driving Beverage Trends","isPartOf":{"@id":"https:\/\/beveragetrends.es\/es\/#website"},"primaryImageOfPage":{"@id":"https:\/\/beveragetrends.es\/es\/marcas\/#primaryimage"},"image":{"@id":"https:\/\/beveragetrends.es\/es\/marcas\/#primaryimage"},"thumbnailUrl":"https:\/\/beveragetrends.es\/wp-content\/uploads\/2025\/08\/b6JK1JKA-453x590.jpeg","datePublished":"2025-08-12T14:24:38+00:00","dateModified":"2025-08-26T15:11:27+00:00","breadcrumb":{"@id":"https:\/\/beveragetrends.es\/es\/marcas\/#breadcrumb"},"inLanguage":"es","potentialAction":[{"@type":"ReadAction","target":["https:\/\/beveragetrends.es\/es\/marcas\/"]}]},{"@type":"ImageObject","inLanguage":"es","@id":"https:\/\/beveragetrends.es\/es\/marcas\/#primaryimage","url":"https:\/\/beveragetrends.es\/wp-content\/uploads\/2025\/08\/b6JK1JKA-453x590.jpeg","contentUrl":"https:\/\/beveragetrends.es\/wp-content\/uploads\/2025\/08\/b6JK1JKA-453x590.jpeg"},{"@type":"BreadcrumbList","@id":"https:\/\/beveragetrends.es\/es\/marcas\/#breadcrumb","itemListElement":[{"@type":"ListItem","position":1,"name":"Portada","item":"https:\/\/beveragetrends.es\/es\/inicio\/"},{"@type":"ListItem","position":2,"name":"Marcas"}]},{"@type":"WebSite","@id":"https:\/\/beveragetrends.es\/es\/#website","url":"https:\/\/beveragetrends.es\/es\/","name":"Fiorangelo Calima","description":"","publisher":{"@id":"https:\/\/beveragetrends.es\/es\/#organization"},"potentialAction":[{"@type":"SearchAction","target":{"@type":"EntryPoint","urlTemplate":"https:\/\/beveragetrends.es\/es\/?s={search_term_string}"},"query-input":{"@type":"PropertyValueSpecification","valueRequired":true,"valueName":"search_term_string"}}],"inLanguage":"es"},{"@type":"Organization","@id":"https:\/\/beveragetrends.es\/es\/#organization","name":"Fiorangelo Calima","url":"https:\/\/beveragetrends.es\/es\/","logo":{"@type":"ImageObject","inLanguage":"es","@id":"https:\/\/beveragetrends.es\/es\/#\/schema\/logo\/image\/","url":"https:\/\/beveragetrends.es\/wp-content\/uploads\/2025\/02\/Logo-DBT-edit.png","contentUrl":"https:\/\/beveragetrends.es\/wp-content\/uploads\/2025\/02\/Logo-DBT-edit.png","width":776,"height":332,"caption":"Fiorangelo Calima"},"image":{"@id":"https:\/\/beveragetrends.es\/es\/#\/schema\/logo\/image\/"}}]}},"_links":{"self":[{"href":"https:\/\/beveragetrends.es\/es\/wp-json\/wp\/v2\/pages\/3721","targetHints":{"allow":["GET"]}}],"collection":[{"href":"https:\/\/beveragetrends.es\/es\/wp-json\/wp\/v2\/pages"}],"about":[{"href":"https:\/\/beveragetrends.es\/es\/wp-json\/wp\/v2\/types\/page"}],"author":[{"embeddable":true,"href":"https:\/\/beveragetrends.es\/es\/wp-json\/wp\/v2\/users\/1"}],"replies":[{"embeddable":true,"href":"https:\/\/beveragetrends.es\/es\/wp-json\/wp\/v2\/comments?post=3721"}],"version-history":[{"count":9,"href":"https:\/\/beveragetrends.es\/es\/wp-json\/wp\/v2\/pages\/3721\/revisions"}],"predecessor-version":[{"id":3737,"href":"https:\/\/beveragetrends.es\/es\/wp-json\/wp\/v2\/pages\/3721\/revisions\/3737"}],"wp:attachment":[{"href":"https:\/\/beveragetrends.es\/es\/wp-json\/wp\/v2\/media?parent=3721"}],"curies":[{"name":"wp","href":"https:\/\/api.w.org\/{rel}","templated":true}]}}